{"id":495,"date":"2019-11-18T14:01:27","date_gmt":"2019-11-18T13:01:27","guid":{"rendered":"https:\/\/shop.kozenga.fr\/?post_type=product&#038;p=495"},"modified":"2019-11-18T14:01:28","modified_gmt":"2019-11-18T13:01:28","slug":"pendentif-arbre-de-vie","status":"publish","type":"product","link":"https:\/\/shop.kozenga.fr\/?product=pendentif-arbre-de-vie","title":{"rendered":"Pendentif Arbre de vie"},"content":{"rendered":"<p>Pendentif en argent massif 950 ajour\u00e9 sur du laiton<\/p>\n<p>Repr\u00e9sente un arbre de vie, serti avec un cabochon de verre (30mm)<\/p>\n<p><em>Chaque bijou est une cr\u00e9ation unique et poin\u00e7onn\u00e9e. Toutes les \u00e9tapes (de la mise en forme, aux soudures jusqu\u2019au polissage) sont r\u00e9alis\u00e9es par mes soins.<\/em><\/p>\n<p><em>Chaque bijou est envoy\u00e9 dans un \u00e9crin avec un certificat d\u2019authenticit\u00e9.<\/em><\/p>\n","protected":false},"excerpt":{"rendered":"<p>Pendentif en argent massif 950 ajour\u00e9 sur du laiton<\/p>\n<p>Repr\u00e9sente un arbre de vie, serti avec un cabochon de verre (30mm)<\/p>\n<p><em>Chaque bijou est une cr\u00e9ation unique et poin\u00e7onn\u00e9e. Toutes les \u00e9tapes (de la mise en forme, aux soudures jusqu\u2019au polissage) sont r\u00e9alis\u00e9es par mes soins.<\/em><\/p>\n<p><em>Chaque bijou est envoy\u00e9 dans un \u00e9crin avec un certificat d\u2019authenticit\u00e9.<\/em><\/p>\n","protected":false},"featured_media":496,"comment_status":"open","ping_status":"closed","template":"","meta":{"_themeisle_gutenberg_block_has_review":false},"product_cat":[22],"product_tag":[],"jetpack_sharing_enabled":true,"_links":{"self":[{"href":"https:\/\/shop.kozenga.fr\/index.php?rest_route=\/wp\/v2\/product\/495"}],"collection":[{"href":"https:\/\/shop.kozenga.fr\/index.php?rest_route=\/wp\/v2\/product"}],"about":[{"href":"https:\/\/shop.kozenga.fr\/index.php?rest_route=\/wp\/v2\/types\/product"}],"replies":[{"embeddable":true,"href":"https:\/\/shop.kozenga.fr\/index.php?rest_route=%2Fwp%2Fv2%2Fcomments&post=495"}],"wp:featuredmedia":[{"embeddable":true,"href":"https:\/\/shop.kozenga.fr\/index.php?rest_route=\/wp\/v2\/media\/496"}],"wp:attachment":[{"href":"https:\/\/shop.kozenga.fr\/index.php?rest_route=%2Fwp%2Fv2%2Fmedia&parent=495"}],"wp:term":[{"taxonomy":"product_cat","embeddable":true,"href":"https:\/\/shop.kozenga.fr\/index.php?rest_route=%2Fwp%2Fv2%2Fproduct_cat&post=495"},{"taxonomy":"product_tag","embeddable":true,"href":"https:\/\/shop.kozenga.fr\/index.php?rest_route=%2Fwp%2Fv2%2Fproduct_tag&post=495"}],"curies":[{"name":"wp","href":"https:\/\/api.w.org\/{rel}","templated":true}]}}