{"id":44,"date":"2019-11-17T17:54:13","date_gmt":"2019-11-17T16:54:13","guid":{"rendered":"https:\/\/shop.kozenga.fr\/?post_type=product&#038;p=44"},"modified":"2020-05-06T22:58:29","modified_gmt":"2020-05-06T20:58:29","slug":"pendentif-eleniel","status":"publish","type":"product","link":"https:\/\/shop.kozenga.fr\/?product=pendentif-eleniel","title":{"rendered":"Pendentif Eleniel"},"content":{"rendered":"<div id=\"short_description_content\" class=\"rte align_justify\">\n<p>Pendentif en argent massif 950<\/p>\n<p>Pierre entour\u00e9e de lianes (ronces), motifs v\u00e9g\u00e9taux et floraux<\/p>\n<p>Serti avec une Obsidienne mouchet\u00e9e (20x15mm)<\/p>\n<p>Chaque bijou est une cr\u00e9ation unique et poin\u00e7onn\u00e9e. Toutes les \u00e9tapes (de la mise en forme, aux soudures jusqu\u2019au polissage) sont r\u00e9alis\u00e9es par mes soins.<\/p>\n<\/div>\n","protected":false},"excerpt":{"rendered":"<p>Pendentif en argent massif 950<\/p>\n<p>Pierre entour\u00e9e de lianes (ronces), motifs v\u00e9g\u00e9taux et floraux<\/p>\n<p>Serti avec une Obsidienne mouchet\u00e9e (20x15mm)<\/p>\n<p>Chaque bijou est une cr\u00e9ation unique et poin\u00e7onn\u00e9e. Toutes les \u00e9tapes (de la mise en forme, aux soudures jusqu\u2019au polissage) sont r\u00e9alis\u00e9es par mes soins.<\/p>\n","protected":false},"featured_media":46,"comment_status":"open","ping_status":"closed","template":"","meta":{"_themeisle_gutenberg_block_has_review":false},"product_cat":[22],"product_tag":[],"jetpack_sharing_enabled":true,"_links":{"self":[{"href":"https:\/\/shop.kozenga.fr\/index.php?rest_route=\/wp\/v2\/product\/44"}],"collection":[{"href":"https:\/\/shop.kozenga.fr\/index.php?rest_route=\/wp\/v2\/product"}],"about":[{"href":"https:\/\/shop.kozenga.fr\/index.php?rest_route=\/wp\/v2\/types\/product"}],"replies":[{"embeddable":true,"href":"https:\/\/shop.kozenga.fr\/index.php?rest_route=%2Fwp%2Fv2%2Fcomments&post=44"}],"wp:featuredmedia":[{"embeddable":true,"href":"https:\/\/shop.kozenga.fr\/index.php?rest_route=\/wp\/v2\/media\/46"}],"wp:attachment":[{"href":"https:\/\/shop.kozenga.fr\/index.php?rest_route=%2Fwp%2Fv2%2Fmedia&parent=44"}],"wp:term":[{"taxonomy":"product_cat","embeddable":true,"href":"https:\/\/shop.kozenga.fr\/index.php?rest_route=%2Fwp%2Fv2%2Fproduct_cat&post=44"},{"taxonomy":"product_tag","embeddable":true,"href":"https:\/\/shop.kozenga.fr\/index.php?rest_route=%2Fwp%2Fv2%2Fproduct_tag&post=44"}],"curies":[{"name":"wp","href":"https:\/\/api.w.org\/{rel}","templated":true}]}}