{"id":387,"date":"2019-11-18T07:26:20","date_gmt":"2019-11-18T06:26:20","guid":{"rendered":"https:\/\/shop.kozenga.fr\/?post_type=product&#038;p=387"},"modified":"2020-05-04T00:27:48","modified_gmt":"2020-05-03T22:27:48","slug":"pendentif-mahila","status":"publish","type":"product","link":"https:\/\/shop.kozenga.fr\/?product=pendentif-mahila","title":{"rendered":"Pendentif Mahila"},"content":{"rendered":"<p>Pendentif en argent massif 950<\/p>\n<p>Sertie d&#8217;Unakite et de jaspe, je me suis inspir\u00e9e de l&#8217;art n\u00e9palais et indien, ce pendentif est une cr\u00e9ation unique.<\/p>\n<p><em>Chaque bijou est une cr\u00e9ation unique et poin\u00e7onn\u00e9e. Toutes les \u00e9tapes (de la mise en forme, aux soudures jusqu\u2019au polissage) sont r\u00e9alis\u00e9es par mes soins.<\/em><\/p>\n<p><em>Chaque bijou est envoy\u00e9 dans un \u00e9crin avec un certificat d\u2019authenticit\u00e9.<\/em><\/p>\n","protected":false},"excerpt":{"rendered":"<p>Pendentif en argent massif 950<\/p>\n<p>Sertie d&#8217;Unakite et de jaspe, je me suis inspir\u00e9e de l&#8217;art n\u00e9palais et indien, ce pendentif est une cr\u00e9ation unique.<\/p>\n<p><em>Chaque bijou est une cr\u00e9ation unique et poin\u00e7onn\u00e9e. Toutes les \u00e9tapes (de la mise en forme, aux soudures jusqu\u2019au polissage) sont r\u00e9alis\u00e9es par mes soins.<\/em><\/p>\n<p><em>Chaque bijou est envoy\u00e9 dans un \u00e9crin avec un certificat d\u2019authenticit\u00e9.<\/em><\/p>\n","protected":false},"featured_media":388,"comment_status":"open","ping_status":"closed","template":"","meta":{"_themeisle_gutenberg_block_has_review":false},"product_cat":[22],"product_tag":[],"jetpack_sharing_enabled":true,"_links":{"self":[{"href":"https:\/\/shop.kozenga.fr\/index.php?rest_route=\/wp\/v2\/product\/387"}],"collection":[{"href":"https:\/\/shop.kozenga.fr\/index.php?rest_route=\/wp\/v2\/product"}],"about":[{"href":"https:\/\/shop.kozenga.fr\/index.php?rest_route=\/wp\/v2\/types\/product"}],"replies":[{"embeddable":true,"href":"https:\/\/shop.kozenga.fr\/index.php?rest_route=%2Fwp%2Fv2%2Fcomments&post=387"}],"wp:featuredmedia":[{"embeddable":true,"href":"https:\/\/shop.kozenga.fr\/index.php?rest_route=\/wp\/v2\/media\/388"}],"wp:attachment":[{"href":"https:\/\/shop.kozenga.fr\/index.php?rest_route=%2Fwp%2Fv2%2Fmedia&parent=387"}],"wp:term":[{"taxonomy":"product_cat","embeddable":true,"href":"https:\/\/shop.kozenga.fr\/index.php?rest_route=%2Fwp%2Fv2%2Fproduct_cat&post=387"},{"taxonomy":"product_tag","embeddable":true,"href":"https:\/\/shop.kozenga.fr\/index.php?rest_route=%2Fwp%2Fv2%2Fproduct_tag&post=387"}],"curies":[{"name":"wp","href":"https:\/\/api.w.org\/{rel}","templated":true}]}}