{"id":382,"date":"2019-11-18T07:22:18","date_gmt":"2019-11-18T06:22:18","guid":{"rendered":"https:\/\/shop.kozenga.fr\/?post_type=product&#038;p=382"},"modified":"2019-11-18T07:46:15","modified_gmt":"2019-11-18T06:46:15","slug":"pendentif-geai","status":"publish","type":"product","link":"https:\/\/shop.kozenga.fr\/?product=pendentif-geai","title":{"rendered":"Pendentif Geai"},"content":{"rendered":"<div id=\"short_description_content\" class=\"rte align_justify\">\n<p>Pendentif en argent massif 950<\/p>\n<p>Magnifique pendentif renfermant des plumes de Geai aux couleurs\u00a0bleues chatoyantes.<\/p>\n<p>Les plumes sont serties par un cabochon en verre.<\/p>\n<p>Finalis\u00e9 par une b\u00e9li\u00e8re originale sculpt\u00e9e en forme de plume en argent.<\/p>\n<p><em>Chaque bijou est une cr\u00e9ation unique et poin\u00e7onn\u00e9e. Toutes les \u00e9tapes (de la mise en forme, aux soudures jusqu&#8217;au polissage) sont r\u00e9alis\u00e9es par mes soins.<\/em><\/p>\n<p><em>Chaque bijou est envoy\u00e9 dans un \u00e9crin avec un certificat d&#8217;authenticit\u00e9.<\/em><\/p>\n<\/div>\n","protected":false},"excerpt":{"rendered":"<p>Pendentif en argent massif 950<\/p>\n<p>Magnifique pendentif renfermant des plumes de Geai aux couleurs\u00a0bleues chatoyantes.<\/p>\n<p>Les plumes sont serties par un cabochon en verre.<\/p>\n<p>Finalis\u00e9 par une b\u00e9li\u00e8re originale sculpt\u00e9e en forme de plume en argent.<\/p>\n<p><em>Chaque bijou est une cr\u00e9ation unique et poin\u00e7onn\u00e9e. Toutes les \u00e9tapes (de la mise en forme, aux soudures jusqu&#8217;au polissage) sont r\u00e9alis\u00e9es par mes soins.<\/em><\/p>\n<p><em>Chaque bijou est envoy\u00e9 dans un \u00e9crin avec un certificat d&#8217;authenticit\u00e9.<\/em><\/p>\n","protected":false},"featured_media":383,"comment_status":"open","ping_status":"closed","template":"","meta":{"_themeisle_gutenberg_block_has_review":false},"product_cat":[22],"product_tag":[],"jetpack_sharing_enabled":true,"_links":{"self":[{"href":"https:\/\/shop.kozenga.fr\/index.php?rest_route=\/wp\/v2\/product\/382"}],"collection":[{"href":"https:\/\/shop.kozenga.fr\/index.php?rest_route=\/wp\/v2\/product"}],"about":[{"href":"https:\/\/shop.kozenga.fr\/index.php?rest_route=\/wp\/v2\/types\/product"}],"replies":[{"embeddable":true,"href":"https:\/\/shop.kozenga.fr\/index.php?rest_route=%2Fwp%2Fv2%2Fcomments&post=382"}],"wp:featuredmedia":[{"embeddable":true,"href":"https:\/\/shop.kozenga.fr\/index.php?rest_route=\/wp\/v2\/media\/383"}],"wp:attachment":[{"href":"https:\/\/shop.kozenga.fr\/index.php?rest_route=%2Fwp%2Fv2%2Fmedia&parent=382"}],"wp:term":[{"taxonomy":"product_cat","embeddable":true,"href":"https:\/\/shop.kozenga.fr\/index.php?rest_route=%2Fwp%2Fv2%2Fproduct_cat&post=382"},{"taxonomy":"product_tag","embeddable":true,"href":"https:\/\/shop.kozenga.fr\/index.php?rest_route=%2Fwp%2Fv2%2Fproduct_tag&post=382"}],"curies":[{"name":"wp","href":"https:\/\/api.w.org\/{rel}","templated":true}]}}