{"id":376,"date":"2020-05-05T07:14:42","date_gmt":"2020-05-05T05:14:42","guid":{"rendered":"https:\/\/shop.kozenga.fr\/?post_type=product&#038;p=376"},"modified":"2022-10-04T19:14:23","modified_gmt":"2022-10-04T17:14:23","slug":"pendentif-taaza","status":"publish","type":"product","link":"https:\/\/shop.kozenga.fr\/?product=pendentif-taaza","title":{"rendered":"Pendentif Taaza"},"content":{"rendered":"<div id=\"short_description_content\" class=\"rte align_justify\">\n<p>Pendentif en Argent massif 950 serti d&#8217;une magnifique Prehnite (29x19mm).<\/p>\n<p>Pierre\u00a0orn\u00e9e d&#8217;entrelacs aux formes v\u00e9g\u00e9tales.<\/p>\n<p>Bijou\u00a0aux lignes pures, douces, mises en valeur par la transparence et la couleur de la Prehnite.<\/p>\n<p>La Pr\u00e9hnite fait partie du vaste groupe des silicates et comporte, pour certaines, de\u00a0 magnifiques inclusions d&#8217;\u00e9pidote (comme celle du pendentif Taaza).<\/p>\n<p>En lithoth\u00e9rapie la Pr\u00e9hnite est une pierre douce et aimante. Elle emp\u00eacherait les petites peines de se transformer en difficult\u00e9s insurmontables. Apaise, apporte s\u00e9r\u00e9nit\u00e9 et pl\u00e9nitude, peut \u00eatre utile en cas d\u2019hyperactivit\u00e9. Aide \u00e0 vivre le moment pr\u00e9sent, Optimisme.<\/p>\n<p>Chaque bijou est une cr\u00e9ation unique et poin\u00e7onn\u00e9e. Toutes les \u00e9tapes (de la mise en forme, aux soudures jusqu\u2019au polissage) sont r\u00e9alis\u00e9es par mes soins.<\/p>\n<\/div>\n","protected":false},"excerpt":{"rendered":"<p>Pendentif en Argent massif 950 serti d&#8217;une magnifique Prehnite (29x19mm).<\/p>\n<p>Pierre orn\u00e9e d&#8217;entrelacs aux formes v\u00e9g\u00e9tales.<\/p>\n<p>Bijou aux lignes pures, douces, mises en valeur par la transparence et la couleur de la Prehnite.<\/p>\n<p>La Pr\u00e9hnite fait partie du vaste groupe des silicates et comporte, pour certaines, de magnifiques inclusions d&#8217;\u00e9pidote (comme celle du pendentif Taaza).<\/p>\n<p>En lithoth\u00e9rapie la Pr\u00e9hnite est une pierre douce et aimante. Elle emp\u00eacherait les petites peines de se transformer en difficult\u00e9s insurmontables. Apaise , apporte s\u00e9r\u00e9nit\u00e9 et pl\u00e9nitude, peut \u00eatre utile en cas d\u2019hyperactivit\u00e9. Aide \u00e0 vivre le moment pr\u00e9sent, Optimisme.<\/p>\n<p>Chaque bijou est une cr\u00e9ation unique et poin\u00e7onn\u00e9e. Toutes les \u00e9tapes (de la mise en forme, aux soudures jusqu\u2019au polissage) sont r\u00e9alis\u00e9es par mes soins.<\/p>\n<p>&nbsp;<\/p>\n","protected":false},"featured_media":377,"comment_status":"open","ping_status":"closed","template":"","meta":{"_themeisle_gutenberg_block_has_review":false},"product_cat":[22],"product_tag":[],"jetpack_sharing_enabled":true,"_links":{"self":[{"href":"https:\/\/shop.kozenga.fr\/index.php?rest_route=\/wp\/v2\/product\/376"}],"collection":[{"href":"https:\/\/shop.kozenga.fr\/index.php?rest_route=\/wp\/v2\/product"}],"about":[{"href":"https:\/\/shop.kozenga.fr\/index.php?rest_route=\/wp\/v2\/types\/product"}],"replies":[{"embeddable":true,"href":"https:\/\/shop.kozenga.fr\/index.php?rest_route=%2Fwp%2Fv2%2Fcomments&post=376"}],"wp:featuredmedia":[{"embeddable":true,"href":"https:\/\/shop.kozenga.fr\/index.php?rest_route=\/wp\/v2\/media\/377"}],"wp:attachment":[{"href":"https:\/\/shop.kozenga.fr\/index.php?rest_route=%2Fwp%2Fv2%2Fmedia&parent=376"}],"wp:term":[{"taxonomy":"product_cat","embeddable":true,"href":"https:\/\/shop.kozenga.fr\/index.php?rest_route=%2Fwp%2Fv2%2Fproduct_cat&post=376"},{"taxonomy":"product_tag","embeddable":true,"href":"https:\/\/shop.kozenga.fr\/index.php?rest_route=%2Fwp%2Fv2%2Fproduct_tag&post=376"}],"curies":[{"name":"wp","href":"https:\/\/api.w.org\/{rel}","templated":true}]}}