{"id":3305,"date":"2020-05-03T20:39:32","date_gmt":"2020-05-03T18:39:32","guid":{"rendered":"https:\/\/shop.kozenga.fr\/?post_type=product&#038;p=3305"},"modified":"2020-07-06T21:44:28","modified_gmt":"2020-07-06T19:44:28","slug":"bague-spirale","status":"publish","type":"product","link":"https:\/\/shop.kozenga.fr\/?product=bague-spirale","title":{"rendered":"Bague Sweet"},"content":{"rendered":"<p>Bague\u00a0 en argent massif 950**<\/p>\n<p>C&#8217;est avec des courbes simples, accentu\u00e9es par un cot\u00e9 polie (miroir) et l&#8217;autre d\u00e9polie (m\u00e9tal bross\u00e9) que cette bague originale viendra tout en douceur orn\u00e9e votre doigt.<\/p>\n<p>Chaque bijou est une cr\u00e9ation unique et poin\u00e7onn\u00e9e.<\/p>\n<p>Toutes les \u00e9tapes (de la mise en forme, aux soudures jusqu\u2019au polissage) sont r\u00e9alis\u00e9es par mes soins.<\/p>\n<p>&nbsp;<\/p>\n<p>&nbsp;<\/p>\n<p>&nbsp;<\/p>\n<p>&nbsp;<\/p>\n<p>&nbsp;<\/p>\n<p>&nbsp;<\/p>\n","protected":false},"excerpt":{"rendered":"<p><span style=\"font-size: 14pt;\">Bague\u00a0 en argent massif 950**<\/span><\/p>\n<p><span style=\"font-size: 14pt;\">C&#8217;est avec des courbes simples, accentu\u00e9es par un cot\u00e9 polie (miroir) et l&#8217;autre d\u00e9polie (m\u00e9tal bross\u00e9) que cette bague originale viendra tout en douceur orn\u00e9e votre doigt.<\/span><\/p>\n<p><span style=\"font-size: 14pt;\">Chaque bijou est une cr\u00e9ation unique et poin\u00e7onn\u00e9e.<\/span><\/p>\n<p><span style=\"font-size: 14pt;\">Toutes les \u00e9tapes (de la mise en forme, aux soudures jusqu\u2019au polissage) sont r\u00e9alis\u00e9es par mes soins.<\/span><\/p>\n<p>&nbsp;<\/p>\n<p>&nbsp;<\/p>\n<p>&nbsp;<\/p>\n<p>&nbsp;<\/p>\n<p>&nbsp;<\/p>\n","protected":false},"featured_media":3308,"comment_status":"open","ping_status":"closed","template":"","meta":{"_themeisle_gutenberg_block_has_review":false},"product_cat":[24],"product_tag":[],"jetpack_sharing_enabled":true,"_links":{"self":[{"href":"https:\/\/shop.kozenga.fr\/index.php?rest_route=\/wp\/v2\/product\/3305"}],"collection":[{"href":"https:\/\/shop.kozenga.fr\/index.php?rest_route=\/wp\/v2\/product"}],"about":[{"href":"https:\/\/shop.kozenga.fr\/index.php?rest_route=\/wp\/v2\/types\/product"}],"replies":[{"embeddable":true,"href":"https:\/\/shop.kozenga.fr\/index.php?rest_route=%2Fwp%2Fv2%2Fcomments&post=3305"}],"wp:featuredmedia":[{"embeddable":true,"href":"https:\/\/shop.kozenga.fr\/index.php?rest_route=\/wp\/v2\/media\/3308"}],"wp:attachment":[{"href":"https:\/\/shop.kozenga.fr\/index.php?rest_route=%2Fwp%2Fv2%2Fmedia&parent=3305"}],"wp:term":[{"taxonomy":"product_cat","embeddable":true,"href":"https:\/\/shop.kozenga.fr\/index.php?rest_route=%2Fwp%2Fv2%2Fproduct_cat&post=3305"},{"taxonomy":"product_tag","embeddable":true,"href":"https:\/\/shop.kozenga.fr\/index.php?rest_route=%2Fwp%2Fv2%2Fproduct_tag&post=3305"}],"curies":[{"name":"wp","href":"https:\/\/api.w.org\/{rel}","templated":true}]}}