{"id":3304,"date":"2020-05-04T20:37:04","date_gmt":"2020-05-04T18:37:04","guid":{"rendered":"https:\/\/shop.kozenga.fr\/?post_type=product&#038;p=3304"},"modified":"2025-11-03T14:15:23","modified_gmt":"2025-11-03T13:15:23","slug":"bague-feuille","status":"publish","type":"product","link":"https:\/\/shop.kozenga.fr\/?product=bague-feuille","title":{"rendered":"Bague feuille"},"content":{"rendered":"<p><span style=\"font-size: 12pt;\">Bague\u00a0 en argent massif 950**.<\/span><\/p>\n<p><span style=\"font-size: 12pt;\">R\u00e9glable.<\/span><\/p>\n<p><span style=\"font-size: 12pt;\">Chaque bijou est une cr\u00e9ation unique et poin\u00e7onn\u00e9e.<\/span><\/p>\n<p><span style=\"font-size: 12pt;\">Toutes les \u00e9tapes (de la mise en forme, aux soudures jusqu\u2019au polissage) sont r\u00e9alis\u00e9es par mes soins.<\/span><\/p>\n<p>&nbsp;<\/p>\n<p>&nbsp;<\/p>\n<p>&nbsp;<\/p>\n","protected":false},"excerpt":{"rendered":"<p><span style=\"font-size: 14pt;\">Avec finesse, cette bague en argent massif 950** habillera votre doigt d&#8217;une cr\u00e9ation v\u00e9g\u00e9tale.<\/span><\/p>\n<p><span style=\"font-size: 14pt;\">R\u00e9glable.<\/span><\/p>\n<p><span style=\"font-size: 14pt;\">Chaque bijou est une cr\u00e9ation unique et poin\u00e7onn\u00e9e.<\/span><\/p>\n<p><span style=\"font-size: 14pt;\">Toutes les \u00e9tapes (de la mise en forme, aux soudures jusqu\u2019au polissage) sont r\u00e9alis\u00e9es par mes soins.<\/span><\/p>\n<p>&nbsp;<\/p>\n<p>&nbsp;<\/p>\n<p>&nbsp;<\/p>\n<p>&nbsp;<\/p>\n<p>&nbsp;<\/p>\n","protected":false},"featured_media":3302,"comment_status":"open","ping_status":"closed","template":"","meta":{"_themeisle_gutenberg_block_has_review":false},"product_cat":[24],"product_tag":[],"jetpack_sharing_enabled":true,"_links":{"self":[{"href":"https:\/\/shop.kozenga.fr\/index.php?rest_route=\/wp\/v2\/product\/3304"}],"collection":[{"href":"https:\/\/shop.kozenga.fr\/index.php?rest_route=\/wp\/v2\/product"}],"about":[{"href":"https:\/\/shop.kozenga.fr\/index.php?rest_route=\/wp\/v2\/types\/product"}],"replies":[{"embeddable":true,"href":"https:\/\/shop.kozenga.fr\/index.php?rest_route=%2Fwp%2Fv2%2Fcomments&post=3304"}],"wp:featuredmedia":[{"embeddable":true,"href":"https:\/\/shop.kozenga.fr\/index.php?rest_route=\/wp\/v2\/media\/3302"}],"wp:attachment":[{"href":"https:\/\/shop.kozenga.fr\/index.php?rest_route=%2Fwp%2Fv2%2Fmedia&parent=3304"}],"wp:term":[{"taxonomy":"product_cat","embeddable":true,"href":"https:\/\/shop.kozenga.fr\/index.php?rest_route=%2Fwp%2Fv2%2Fproduct_cat&post=3304"},{"taxonomy":"product_tag","embeddable":true,"href":"https:\/\/shop.kozenga.fr\/index.php?rest_route=%2Fwp%2Fv2%2Fproduct_tag&post=3304"}],"curies":[{"name":"wp","href":"https:\/\/api.w.org\/{rel}","templated":true}]}}