{"id":3296,"date":"2020-05-04T20:34:01","date_gmt":"2020-05-04T18:34:01","guid":{"rendered":"https:\/\/shop.kozenga.fr\/?post_type=product&#038;p=3296"},"modified":"2022-10-05T22:02:43","modified_gmt":"2022-10-05T20:02:43","slug":"bague-button-bourgeon","status":"publish","type":"product","link":"https:\/\/shop.kozenga.fr\/?product=bague-button-bourgeon","title":{"rendered":"Bague Button"},"content":{"rendered":"<p><span style=\"font-size: 14pt;\">Bijou en argent massif 950**.<\/span><\/p>\n<p><span style=\"font-size: 14pt;\">Bague repr\u00e9sentant un bourgeon qui s&#8217;ouvre.<\/span><\/p>\n<p><span style=\"font-size: 14pt;\">Bague r\u00e9glable<\/span><\/p>\n<p><span style=\"font-size: 14pt;\">Chaque bijou est une cr\u00e9ation unique et poin\u00e7onn\u00e9e.<\/span><\/p>\n<p>&nbsp;<\/p>\n<p>&nbsp;<\/p>\n<p>&nbsp;<\/p>\n","protected":false},"excerpt":{"rendered":"<p><span style=\"font-size: 14pt;\">Bijou\u00a0 en argent massif 950**<\/span><\/p>\n<p><span style=\"font-size: 14pt;\">Bague repr\u00e9sentant un bourgeon qui s&#8217;ouvre, r\u00e9glable.<\/span><\/p>\n<p><span style=\"font-size: 14pt;\">Chaque bijou est une cr\u00e9ation unique et poin\u00e7onn\u00e9e.<\/span><\/p>\n<p><span style=\"font-size: 14pt;\">Toutes les \u00e9tapes (de la mise en forme, aux soudures jusqu\u2019au polissage) sont r\u00e9alis\u00e9es par mes soins<\/span>.<\/p>\n<p>&nbsp;<\/p>\n<p>&nbsp;<\/p>\n<p>&nbsp;<\/p>\n<p>&nbsp;<\/p>\n<p>&nbsp;<\/p>\n","protected":false},"featured_media":3299,"comment_status":"open","ping_status":"closed","template":"","meta":{"_themeisle_gutenberg_block_has_review":false},"product_cat":[24],"product_tag":[],"jetpack_sharing_enabled":true,"_links":{"self":[{"href":"https:\/\/shop.kozenga.fr\/index.php?rest_route=\/wp\/v2\/product\/3296"}],"collection":[{"href":"https:\/\/shop.kozenga.fr\/index.php?rest_route=\/wp\/v2\/product"}],"about":[{"href":"https:\/\/shop.kozenga.fr\/index.php?rest_route=\/wp\/v2\/types\/product"}],"replies":[{"embeddable":true,"href":"https:\/\/shop.kozenga.fr\/index.php?rest_route=%2Fwp%2Fv2%2Fcomments&post=3296"}],"wp:featuredmedia":[{"embeddable":true,"href":"https:\/\/shop.kozenga.fr\/index.php?rest_route=\/wp\/v2\/media\/3299"}],"wp:attachment":[{"href":"https:\/\/shop.kozenga.fr\/index.php?rest_route=%2Fwp%2Fv2%2Fmedia&parent=3296"}],"wp:term":[{"taxonomy":"product_cat","embeddable":true,"href":"https:\/\/shop.kozenga.fr\/index.php?rest_route=%2Fwp%2Fv2%2Fproduct_cat&post=3296"},{"taxonomy":"product_tag","embeddable":true,"href":"https:\/\/shop.kozenga.fr\/index.php?rest_route=%2Fwp%2Fv2%2Fproduct_tag&post=3296"}],"curies":[{"name":"wp","href":"https:\/\/api.w.org\/{rel}","templated":true}]}}