{"id":3275,"date":"2020-05-04T19:44:37","date_gmt":"2020-05-04T17:44:37","guid":{"rendered":"https:\/\/shop.kozenga.fr\/?post_type=product&#038;p=3275"},"modified":"2025-11-03T14:26:19","modified_gmt":"2025-11-03T13:26:19","slug":"bague-corset-copie","status":"publish","type":"product","link":"https:\/\/shop.kozenga.fr\/?product=bague-corset-copie","title":{"rendered":"Bague Extraction"},"content":{"rendered":"<p><span style=\"font-family: helvetica, arial, sans-serif; font-size: 12pt;\">Bague en Argent massif 950**.<\/span><\/p>\n<p><span style=\"font-family: helvetica, arial, sans-serif; font-size: 12pt;\">Bague r\u00e9alis\u00e9e gr\u00e2ce \u00e0 la sculpture sur cire,\u00a0 puis fondue pour \u00eatre coul\u00e9e en argent.<\/span><\/p>\n<p><span style=\"font-family: helvetica, arial, sans-serif; font-size: 12pt;\">De nombreuses heures de cr\u00e9ation et de sculpture pour la r\u00e9alisation de cette bague unique, repr\u00e9sentant un homme et une femme s&#8217;extrayant de la mati\u00e8re.<\/span><\/p>\n<p><span style=\"font-family: helvetica, arial, sans-serif; font-size: 12pt;\">Possibilit\u00e9 de la mettre \u00e0 la taille.<\/span><\/p>\n<p>&nbsp;<\/p>\n<p>&nbsp;<\/p>\n","protected":false},"excerpt":{"rendered":"<p><span style=\"font-family: helvetica, arial, sans-serif; font-size: 12pt;\">Bague en Argent massif 950**.<\/span><\/p>\n<p><span style=\"font-family: helvetica, arial, sans-serif; font-size: 12pt;\">Bague r\u00e9alis\u00e9e gr\u00e2ce \u00e0 la sculpture sur cire,\u00a0 puis fondue pour \u00eatre coul\u00e9e en argent.<\/span><\/p>\n<p><span style=\"font-family: helvetica, arial, sans-serif; font-size: 12pt;\">De nombreuses heures de cr\u00e9ation et de sculpture pour la r\u00e9alisation de cette bague unique, repr\u00e9sentant un homme et une femme s&#8217;extrayant de la mati\u00e8re.<\/span><\/p>\n<p><span style=\"font-family: helvetica, arial, sans-serif; font-size: 12pt;\">Possibilit\u00e9 de la mettre \u00e0 la taille.<\/span><\/p>\n<p>&nbsp;<\/p>\n<p><span style=\"font-size: 12pt; font-family: helvetica, arial, sans-serif;\">Chaque bijou est une cr\u00e9ation unique et poin\u00e7onn\u00e9e.<\/span><\/p>\n<p><span style=\"font-size: 12pt; font-family: helvetica, arial, sans-serif;\">Toutes les \u00e9tapes (de la mise en forme, aux soudures jusqu\u2019au polissage) sont r\u00e9alis\u00e9es par mes soins.<\/span><\/p>\n<p>&nbsp;<\/p>\n","protected":false},"featured_media":3276,"comment_status":"open","ping_status":"closed","template":"","meta":{"_themeisle_gutenberg_block_has_review":false},"product_cat":[24],"product_tag":[],"jetpack_sharing_enabled":true,"_links":{"self":[{"href":"https:\/\/shop.kozenga.fr\/index.php?rest_route=\/wp\/v2\/product\/3275"}],"collection":[{"href":"https:\/\/shop.kozenga.fr\/index.php?rest_route=\/wp\/v2\/product"}],"about":[{"href":"https:\/\/shop.kozenga.fr\/index.php?rest_route=\/wp\/v2\/types\/product"}],"replies":[{"embeddable":true,"href":"https:\/\/shop.kozenga.fr\/index.php?rest_route=%2Fwp%2Fv2%2Fcomments&post=3275"}],"wp:featuredmedia":[{"embeddable":true,"href":"https:\/\/shop.kozenga.fr\/index.php?rest_route=\/wp\/v2\/media\/3276"}],"wp:attachment":[{"href":"https:\/\/shop.kozenga.fr\/index.php?rest_route=%2Fwp%2Fv2%2Fmedia&parent=3275"}],"wp:term":[{"taxonomy":"product_cat","embeddable":true,"href":"https:\/\/shop.kozenga.fr\/index.php?rest_route=%2Fwp%2Fv2%2Fproduct_cat&post=3275"},{"taxonomy":"product_tag","embeddable":true,"href":"https:\/\/shop.kozenga.fr\/index.php?rest_route=%2Fwp%2Fv2%2Fproduct_tag&post=3275"}],"curies":[{"name":"wp","href":"https:\/\/api.w.org\/{rel}","templated":true}]}}