{"id":3260,"date":"2020-05-04T19:27:38","date_gmt":"2020-05-04T17:27:38","guid":{"rendered":"https:\/\/shop.kozenga.fr\/?post_type=product&#038;p=3260"},"modified":"2025-11-03T14:15:54","modified_gmt":"2025-11-03T13:15:54","slug":"bague-plume","status":"publish","type":"product","link":"https:\/\/shop.kozenga.fr\/?product=bague-plume","title":{"rendered":"Bague Plume"},"content":{"rendered":"<p><span style=\"font-size: 12pt;\">Bijou en \u00a0argent massif 950** .<\/span><\/p>\n<p><span style=\"font-size: 12pt;\">Bague l\u00e9g\u00e8re, tr\u00e8s agr\u00e9able \u00e0 porter,\u00a0 pr\u00eate \u00e0 s&#8217;envoler autour de votre doigt.<\/span><\/p>\n<p><span style=\"font-size: 12pt;\">Toutes les \u00e9tapes (de la mise en forme, aux soudures jusqu\u2019au polissage) sont r\u00e9alis\u00e9es par mes soins.<\/span><\/p>\n<p>&nbsp;<\/p>\n<p>&nbsp;<\/p>\n<p>&nbsp;<\/p>\n","protected":false},"excerpt":{"rendered":"<p><span style=\"font-size: 14pt;\">Bijou en \u00a0argent massif 950** .<\/span><\/p>\n<p><span style=\"font-size: 14pt;\">Bague l\u00e9g\u00e8re, tr\u00e8s agr\u00e9able \u00e0 porter,\u00a0 pr\u00eate \u00e0 s&#8217;envoler autour de votre doigt.<\/span><\/p>\n<p><span style=\"font-size: 14pt;\">Chaque bijou est une cr\u00e9ation unique et poin\u00e7onn\u00e9e.<\/span><\/p>\n<p><span style=\"font-size: 14pt;\">Toutes les \u00e9tapes (de la mise en forme, aux soudures jusqu\u2019au polissage) sont r\u00e9alis\u00e9es par mes soins.<\/span><\/p>\n<p>&nbsp;<\/p>\n<p>&nbsp;<\/p>\n<p>&nbsp;<\/p>\n<p>&nbsp;<\/p>\n<p>&nbsp;<\/p>\n","protected":false},"featured_media":12899,"comment_status":"open","ping_status":"closed","template":"","meta":{"_themeisle_gutenberg_block_has_review":false},"product_cat":[24],"product_tag":[],"jetpack_sharing_enabled":true,"_links":{"self":[{"href":"https:\/\/shop.kozenga.fr\/index.php?rest_route=\/wp\/v2\/product\/3260"}],"collection":[{"href":"https:\/\/shop.kozenga.fr\/index.php?rest_route=\/wp\/v2\/product"}],"about":[{"href":"https:\/\/shop.kozenga.fr\/index.php?rest_route=\/wp\/v2\/types\/product"}],"replies":[{"embeddable":true,"href":"https:\/\/shop.kozenga.fr\/index.php?rest_route=%2Fwp%2Fv2%2Fcomments&post=3260"}],"wp:featuredmedia":[{"embeddable":true,"href":"https:\/\/shop.kozenga.fr\/index.php?rest_route=\/wp\/v2\/media\/12899"}],"wp:attachment":[{"href":"https:\/\/shop.kozenga.fr\/index.php?rest_route=%2Fwp%2Fv2%2Fmedia&parent=3260"}],"wp:term":[{"taxonomy":"product_cat","embeddable":true,"href":"https:\/\/shop.kozenga.fr\/index.php?rest_route=%2Fwp%2Fv2%2Fproduct_cat&post=3260"},{"taxonomy":"product_tag","embeddable":true,"href":"https:\/\/shop.kozenga.fr\/index.php?rest_route=%2Fwp%2Fv2%2Fproduct_tag&post=3260"}],"curies":[{"name":"wp","href":"https:\/\/api.w.org\/{rel}","templated":true}]}}