{"id":3204,"date":"2020-05-04T01:09:05","date_gmt":"2020-05-03T23:09:05","guid":{"rendered":"https:\/\/shop.kozenga.fr\/?post_type=product&#038;p=3204"},"modified":"2021-05-26T19:55:14","modified_gmt":"2021-05-26T17:55:14","slug":"bague-liane","status":"publish","type":"product","link":"https:\/\/shop.kozenga.fr\/?product=bague-liane","title":{"rendered":"Bague Liane"},"content":{"rendered":"<p>Bague en Argent massif 950**<\/p>\n<p>Lianes orn\u00e9es de petites feuilles et \u00e9pines.<\/p>\n<p>Chaque bijou est une cr\u00e9ation unique et poin\u00e7onn\u00e9e.<\/p>\n<p>Toutes les \u00e9tapes (de la mise en forme, aux soudures jusqu\u2019au polissage) sont r\u00e9alis\u00e9es par mes soins.<\/p>\n<p>&nbsp;<\/p>\n<p>&nbsp;<\/p>\n","protected":false},"excerpt":{"rendered":"<p><span style=\"font-size: 14pt;\">Bague en Argent massif 950**\u00a0<\/span><\/p>\n<p><span style=\"font-size: 14pt;\">Lianes orn\u00e9es de petites feuilles et \u00e9pines.<\/span><\/p>\n<p><span style=\"font-size: 14pt;\">Chaque bijou est une cr\u00e9ation unique et poin\u00e7onn\u00e9e.<\/span><\/p>\n<p><span style=\"font-size: 14pt;\">Toutes les \u00e9tapes (de la mise en forme, aux soudures jusqu\u2019au polissage) sont r\u00e9alis\u00e9es par mes soins<\/span>.<\/p>\n<p>&nbsp;<\/p>\n<p>&nbsp;<\/p>\n<p>&nbsp;<\/p>\n<p>&nbsp;<\/p>\n<p>&nbsp;<\/p>\n<p>&nbsp;<\/p>\n","protected":false},"featured_media":3223,"comment_status":"open","ping_status":"closed","template":"","meta":{"_themeisle_gutenberg_block_has_review":false},"product_cat":[24],"product_tag":[],"jetpack_sharing_enabled":true,"_links":{"self":[{"href":"https:\/\/shop.kozenga.fr\/index.php?rest_route=\/wp\/v2\/product\/3204"}],"collection":[{"href":"https:\/\/shop.kozenga.fr\/index.php?rest_route=\/wp\/v2\/product"}],"about":[{"href":"https:\/\/shop.kozenga.fr\/index.php?rest_route=\/wp\/v2\/types\/product"}],"replies":[{"embeddable":true,"href":"https:\/\/shop.kozenga.fr\/index.php?rest_route=%2Fwp%2Fv2%2Fcomments&post=3204"}],"wp:featuredmedia":[{"embeddable":true,"href":"https:\/\/shop.kozenga.fr\/index.php?rest_route=\/wp\/v2\/media\/3223"}],"wp:attachment":[{"href":"https:\/\/shop.kozenga.fr\/index.php?rest_route=%2Fwp%2Fv2%2Fmedia&parent=3204"}],"wp:term":[{"taxonomy":"product_cat","embeddable":true,"href":"https:\/\/shop.kozenga.fr\/index.php?rest_route=%2Fwp%2Fv2%2Fproduct_cat&post=3204"},{"taxonomy":"product_tag","embeddable":true,"href":"https:\/\/shop.kozenga.fr\/index.php?rest_route=%2Fwp%2Fv2%2Fproduct_tag&post=3204"}],"curies":[{"name":"wp","href":"https:\/\/api.w.org\/{rel}","templated":true}]}}