{"id":3188,"date":"2020-05-04T00:53:06","date_gmt":"2020-05-03T22:53:06","guid":{"rendered":"https:\/\/shop.kozenga.fr\/?post_type=product&#038;p=3188"},"modified":"2021-05-26T20:11:53","modified_gmt":"2021-05-26T18:11:53","slug":"bague-abeille","status":"publish","type":"product","link":"https:\/\/shop.kozenga.fr\/?product=bague-abeille","title":{"rendered":"Bague Abeille"},"content":{"rendered":"<p><span style=\"font-size: 12pt; font-family: 'book antiqua', palatino, serif;\">Bague en Argent et Laiton.<\/span><\/p>\n<p><span style=\"font-size: 12pt; font-family: 'book antiqua', palatino, serif;\">Abeille qui butine des fleurs et laisse une petite tra\u00een\u00e9e de miel (repr\u00e9sent\u00e9 par un fil de laiton).<\/span><\/p>\n<p><span style=\"font-size: 12pt; font-family: 'book antiqua', palatino, serif;\">R\u00e9glable.<\/span><\/p>\n<p><span style=\"font-size: 12pt; font-family: 'book antiqua', palatino, serif;\">Chaque bijou est une cr\u00e9ation unique et poin\u00e7onn\u00e9e.<\/span><\/p>\n<p><span style=\"font-size: 12pt; font-family: 'book antiqua', palatino, serif;\">Toutes les \u00e9tapes (de la mise en forme, aux soudures jusqu\u2019au polissage) sont r\u00e9alis\u00e9es par mes soins.<\/span><\/p>\n<h4><\/h4>\n<h4><\/h4>\n","protected":false},"excerpt":{"rendered":"<p><span style=\"font-family: 'book antiqua', palatino, serif;\">Bague en Argent et Laiton.<\/span><\/p>\n<p><span style=\"font-family: 'book antiqua', palatino, serif;\">Abeille qui butine des fleurs et laisse une petite tra\u00een\u00e9e de miel (repr\u00e9sent\u00e9 par un fil de laiton).<\/span><\/p>\n<p><span style=\"font-family: 'book antiqua', palatino, serif;\">Chaque bijou est une cr\u00e9ation unique et poin\u00e7onn\u00e9e.<\/span><\/p>\n<p>&nbsp;<\/p>\n<p>&nbsp;<\/p>\n<p>&nbsp;<\/p>\n<p>&nbsp;<\/p>\n<p>&nbsp;<\/p>\n","protected":false},"featured_media":3189,"comment_status":"open","ping_status":"closed","template":"","meta":{"_themeisle_gutenberg_block_has_review":false},"product_cat":[24],"product_tag":[],"jetpack_sharing_enabled":true,"_links":{"self":[{"href":"https:\/\/shop.kozenga.fr\/index.php?rest_route=\/wp\/v2\/product\/3188"}],"collection":[{"href":"https:\/\/shop.kozenga.fr\/index.php?rest_route=\/wp\/v2\/product"}],"about":[{"href":"https:\/\/shop.kozenga.fr\/index.php?rest_route=\/wp\/v2\/types\/product"}],"replies":[{"embeddable":true,"href":"https:\/\/shop.kozenga.fr\/index.php?rest_route=%2Fwp%2Fv2%2Fcomments&post=3188"}],"wp:featuredmedia":[{"embeddable":true,"href":"https:\/\/shop.kozenga.fr\/index.php?rest_route=\/wp\/v2\/media\/3189"}],"wp:attachment":[{"href":"https:\/\/shop.kozenga.fr\/index.php?rest_route=%2Fwp%2Fv2%2Fmedia&parent=3188"}],"wp:term":[{"taxonomy":"product_cat","embeddable":true,"href":"https:\/\/shop.kozenga.fr\/index.php?rest_route=%2Fwp%2Fv2%2Fproduct_cat&post=3188"},{"taxonomy":"product_tag","embeddable":true,"href":"https:\/\/shop.kozenga.fr\/index.php?rest_route=%2Fwp%2Fv2%2Fproduct_tag&post=3188"}],"curies":[{"name":"wp","href":"https:\/\/api.w.org\/{rel}","templated":true}]}}