{"id":3103,"date":"2020-05-03T23:48:51","date_gmt":"2020-05-03T21:48:51","guid":{"rendered":"https:\/\/shop.kozenga.fr\/?post_type=product&#038;p=3103"},"modified":"2022-10-04T15:05:08","modified_gmt":"2022-10-04T13:05:08","slug":"pendentif-arbre-marie","status":"publish","type":"product","link":"https:\/\/shop.kozenga.fr\/?product=pendentif-arbre-marie","title":{"rendered":"Pendentif Arbre"},"content":{"rendered":"<p>Pendentif en argent 950**<\/p>\n","protected":false},"excerpt":{"rendered":"<p>Pendentif en argent 950**<\/p>\n<div class=\"\" dir=\"auto\">\n<div id=\"jsc_c_pq\" class=\"x1iorvi4 x1pi30zi x1l90r2v x1swvt13\" data-ad-comet-preview=\"message\" data-ad-preview=\"message\">\n<div class=\"x78zum5 xdt5ytf xz62fqu x16ldp7u\">\n<div class=\"xu06os2 x1ok221b\">\n<div class=\"xdj266r x11i5rnm xat24cr x1mh8g0r x1vvkbs x126k92a\">\n<div dir=\"auto\">\n<p>L&#8217;arbre encr\u00e9 \u00e0 la terre, qui s&#8217;\u00e9panouit dans la lumi\u00e8re.<span class=\"x3nfvp2 x1j61x8r x1fcty0u xdj266r xhhsvwb xat24cr xgzva0m xxymvpz xlup9mm x1kky2od\"><img decoding=\"async\" loading=\"lazy\" src=\"https:\/\/static.xx.fbcdn.net\/images\/emoji.php\/v9\/t75\/1\/16\/1f618.png\" alt=\"\ud83d\ude18\" width=\"16\" height=\"16\" \/><\/span><\/p>\n<div class=\"\" dir=\"auto\">\n<div id=\"jsc_c_pq\" class=\"x1iorvi4 x1pi30zi x1l90r2v x1swvt13\" data-ad-comet-preview=\"message\" data-ad-preview=\"message\">\n<div class=\"x78zum5 xdt5ytf xz62fqu x16ldp7u\">\n<div class=\"xu06os2 x1ok221b\">\n<div class=\"xdj266r x11i5rnm xat24cr x1mh8g0r x1vvkbs x126k92a\">\n<div dir=\"auto\"><\/div>\n<\/div>\n<\/div>\n<\/div>\n<\/div>\n<\/div>\n<\/div>\n<\/div>\n<\/div>\n<\/div>\n<\/div>\n<\/div>\n","protected":false},"featured_media":3105,"comment_status":"open","ping_status":"closed","template":"","meta":{"_themeisle_gutenberg_block_has_review":false},"product_cat":[21],"product_tag":[],"jetpack_sharing_enabled":true,"_links":{"self":[{"href":"https:\/\/shop.kozenga.fr\/index.php?rest_route=\/wp\/v2\/product\/3103"}],"collection":[{"href":"https:\/\/shop.kozenga.fr\/index.php?rest_route=\/wp\/v2\/product"}],"about":[{"href":"https:\/\/shop.kozenga.fr\/index.php?rest_route=\/wp\/v2\/types\/product"}],"replies":[{"embeddable":true,"href":"https:\/\/shop.kozenga.fr\/index.php?rest_route=%2Fwp%2Fv2%2Fcomments&post=3103"}],"wp:featuredmedia":[{"embeddable":true,"href":"https:\/\/shop.kozenga.fr\/index.php?rest_route=\/wp\/v2\/media\/3105"}],"wp:attachment":[{"href":"https:\/\/shop.kozenga.fr\/index.php?rest_route=%2Fwp%2Fv2%2Fmedia&parent=3103"}],"wp:term":[{"taxonomy":"product_cat","embeddable":true,"href":"https:\/\/shop.kozenga.fr\/index.php?rest_route=%2Fwp%2Fv2%2Fproduct_cat&post=3103"},{"taxonomy":"product_tag","embeddable":true,"href":"https:\/\/shop.kozenga.fr\/index.php?rest_route=%2Fwp%2Fv2%2Fproduct_tag&post=3103"}],"curies":[{"name":"wp","href":"https:\/\/api.w.org\/{rel}","templated":true}]}}