{"id":3101,"date":"2020-05-03T23:47:10","date_gmt":"2020-05-03T21:47:10","guid":{"rendered":"https:\/\/shop.kozenga.fr\/?post_type=product&#038;p=3101"},"modified":"2020-05-03T23:48:19","modified_gmt":"2020-05-03T21:48:19","slug":"pendentif-amethyste","status":"publish","type":"product","link":"https:\/\/shop.kozenga.fr\/?product=pendentif-amethyste","title":{"rendered":"Pendentif Amethyste"},"content":{"rendered":"<p>Pendentif en argent serti d&#8217;une am\u00e9thyste , articul\u00e9 qui \u00e9pouse le corps<\/p>\n","protected":false},"excerpt":{"rendered":"<p>Pendentif en argent serti d&#8217;une am\u00e9thyste , articul\u00e9 qui \u00e9pouse le corps<\/p>\n","protected":false},"featured_media":3102,"comment_status":"open","ping_status":"closed","template":"","meta":{"_themeisle_gutenberg_block_has_review":false},"product_cat":[21],"product_tag":[],"jetpack_sharing_enabled":true,"_links":{"self":[{"href":"https:\/\/shop.kozenga.fr\/index.php?rest_route=\/wp\/v2\/product\/3101"}],"collection":[{"href":"https:\/\/shop.kozenga.fr\/index.php?rest_route=\/wp\/v2\/product"}],"about":[{"href":"https:\/\/shop.kozenga.fr\/index.php?rest_route=\/wp\/v2\/types\/product"}],"replies":[{"embeddable":true,"href":"https:\/\/shop.kozenga.fr\/index.php?rest_route=%2Fwp%2Fv2%2Fcomments&post=3101"}],"wp:featuredmedia":[{"embeddable":true,"href":"https:\/\/shop.kozenga.fr\/index.php?rest_route=\/wp\/v2\/media\/3102"}],"wp:attachment":[{"href":"https:\/\/shop.kozenga.fr\/index.php?rest_route=%2Fwp%2Fv2%2Fmedia&parent=3101"}],"wp:term":[{"taxonomy":"product_cat","embeddable":true,"href":"https:\/\/shop.kozenga.fr\/index.php?rest_route=%2Fwp%2Fv2%2Fproduct_cat&post=3101"},{"taxonomy":"product_tag","embeddable":true,"href":"https:\/\/shop.kozenga.fr\/index.php?rest_route=%2Fwp%2Fv2%2Fproduct_tag&post=3101"}],"curies":[{"name":"wp","href":"https:\/\/api.w.org\/{rel}","templated":true}]}}