{"id":2997,"date":"2020-04-29T23:46:07","date_gmt":"2020-04-29T21:46:07","guid":{"rendered":"https:\/\/shop.kozenga.fr\/?post_type=product&#038;p=2997"},"modified":"2022-10-04T14:50:07","modified_gmt":"2022-10-04T12:50:07","slug":"bracelet-vegetal-2","status":"publish","type":"product","link":"https:\/\/shop.kozenga.fr\/?product=bracelet-vegetal-2","title":{"rendered":"Bracelet v\u00e9g\u00e9tal"},"content":{"rendered":"<p>Bracelet en argent 950**<\/p>\n","protected":false},"excerpt":{"rendered":"<p>Bracelet en argent 950**.<\/p>\n<p>Bracelet v\u00e9g\u00e9tal , feuilles sculpt\u00e9es directement dans le m\u00e9tal.<\/p>\n","protected":false},"featured_media":2998,"comment_status":"open","ping_status":"closed","template":"","meta":{"_themeisle_gutenberg_block_has_review":false},"product_cat":[21],"product_tag":[],"jetpack_sharing_enabled":true,"_links":{"self":[{"href":"https:\/\/shop.kozenga.fr\/index.php?rest_route=\/wp\/v2\/product\/2997"}],"collection":[{"href":"https:\/\/shop.kozenga.fr\/index.php?rest_route=\/wp\/v2\/product"}],"about":[{"href":"https:\/\/shop.kozenga.fr\/index.php?rest_route=\/wp\/v2\/types\/product"}],"replies":[{"embeddable":true,"href":"https:\/\/shop.kozenga.fr\/index.php?rest_route=%2Fwp%2Fv2%2Fcomments&post=2997"}],"wp:featuredmedia":[{"embeddable":true,"href":"https:\/\/shop.kozenga.fr\/index.php?rest_route=\/wp\/v2\/media\/2998"}],"wp:attachment":[{"href":"https:\/\/shop.kozenga.fr\/index.php?rest_route=%2Fwp%2Fv2%2Fmedia&parent=2997"}],"wp:term":[{"taxonomy":"product_cat","embeddable":true,"href":"https:\/\/shop.kozenga.fr\/index.php?rest_route=%2Fwp%2Fv2%2Fproduct_cat&post=2997"},{"taxonomy":"product_tag","embeddable":true,"href":"https:\/\/shop.kozenga.fr\/index.php?rest_route=%2Fwp%2Fv2%2Fproduct_tag&post=2997"}],"curies":[{"name":"wp","href":"https:\/\/api.w.org\/{rel}","templated":true}]}}