{"id":2978,"date":"2020-04-29T23:24:21","date_gmt":"2020-04-29T21:24:21","guid":{"rendered":"https:\/\/shop.kozenga.fr\/?post_type=product&#038;p=2978"},"modified":"2020-04-29T23:28:12","modified_gmt":"2020-04-29T21:28:12","slug":"bracelet-indi","status":"publish","type":"product","link":"https:\/\/shop.kozenga.fr\/?product=bracelet-indi","title":{"rendered":"Bracelet Indi"},"content":{"rendered":"<div id=\"short_description_content\" class=\"rte align_justify\">\n<p>bracelet en argent massif 950, sertie d&#8217;une Calc\u00e9doine (taille&#8230;) .<\/p>\n<p>Chaque bijou est une cr\u00e9ation unique et poin\u00e7onn\u00e9e. Toutes les \u00e9tapes (de la mise en forme, aux soudures jusqu\u2019au polissage) sont r\u00e9alis\u00e9es par mes soins.<\/p>\n<\/div>\n","protected":false},"excerpt":{"rendered":"<p>&nbsp;<\/p>\n<p>Bracelet en argent massif 950, sertie d&#8217;une Calc\u00e9doine (taille&#8230;) .<\/p>\n<p>&nbsp;<\/p>\n<p>Chaque bijou est une cr\u00e9ation unique et poin\u00e7onn\u00e9e. Toutes les \u00e9tapes (de la mise en forme, aux soudures jusqu\u2019au polissage) sont r\u00e9alis\u00e9es par mes soins.<\/p>\n","protected":false},"featured_media":2979,"comment_status":"open","ping_status":"closed","template":"","meta":{"_themeisle_gutenberg_block_has_review":false},"product_cat":[26],"product_tag":[],"jetpack_sharing_enabled":true,"_links":{"self":[{"href":"https:\/\/shop.kozenga.fr\/index.php?rest_route=\/wp\/v2\/product\/2978"}],"collection":[{"href":"https:\/\/shop.kozenga.fr\/index.php?rest_route=\/wp\/v2\/product"}],"about":[{"href":"https:\/\/shop.kozenga.fr\/index.php?rest_route=\/wp\/v2\/types\/product"}],"replies":[{"embeddable":true,"href":"https:\/\/shop.kozenga.fr\/index.php?rest_route=%2Fwp%2Fv2%2Fcomments&post=2978"}],"wp:featuredmedia":[{"embeddable":true,"href":"https:\/\/shop.kozenga.fr\/index.php?rest_route=\/wp\/v2\/media\/2979"}],"wp:attachment":[{"href":"https:\/\/shop.kozenga.fr\/index.php?rest_route=%2Fwp%2Fv2%2Fmedia&parent=2978"}],"wp:term":[{"taxonomy":"product_cat","embeddable":true,"href":"https:\/\/shop.kozenga.fr\/index.php?rest_route=%2Fwp%2Fv2%2Fproduct_cat&post=2978"},{"taxonomy":"product_tag","embeddable":true,"href":"https:\/\/shop.kozenga.fr\/index.php?rest_route=%2Fwp%2Fv2%2Fproduct_tag&post=2978"}],"curies":[{"name":"wp","href":"https:\/\/api.w.org\/{rel}","templated":true}]}}