{"id":2947,"date":"2020-04-28T22:01:42","date_gmt":"2020-04-28T20:01:42","guid":{"rendered":"https:\/\/shop.kozenga.fr\/?post_type=product&#038;p=2947"},"modified":"2022-10-05T21:55:58","modified_gmt":"2022-10-05T19:55:58","slug":"collier-derviche","status":"publish","type":"product","link":"https:\/\/shop.kozenga.fr\/?product=collier-derviche","title":{"rendered":"Collier Derviche"},"content":{"rendered":"<div id=\"short_description_content\" class=\"rte align_justify\">\n<p>Pendentif en argent massif 950, sertie d&#8217;un am\u00e9thyste (taille&#8230;) et de perles en h\u00e9matite.<\/p>\n<p>Je me suis inspir\u00e9 des derviches tourneurs pour la cr\u00e9ation de ce pendentif original.<\/p>\n<p>Chaque bijou est une cr\u00e9ation unique et poin\u00e7onn\u00e9e. Toutes les \u00e9tapes (de la mise en forme, aux soudures jusqu\u2019au polissage) sont r\u00e9alis\u00e9es par mes soins.<\/p>\n<\/div>\n","protected":false},"excerpt":{"rendered":"<p>&nbsp;<\/p>\n<p>Pendentif en argent massif 950, sertie d&#8217;un am\u00e9thyste (taille&#8230;) et de perles en h\u00e9matite.<\/p>\n<p>Je me suis inspir\u00e9 des derviches tourneurs pour la cr\u00e9ation de ce pendentif original.<\/p>\n<p>Chaque bijou est une cr\u00e9ation unique et poin\u00e7onn\u00e9e. Toutes les \u00e9tapes (de la mise en forme, aux soudures jusqu\u2019au polissage) sont r\u00e9alis\u00e9es par mes soins.<\/p>\n","protected":false},"featured_media":2948,"comment_status":"open","ping_status":"closed","template":"","meta":{"_themeisle_gutenberg_block_has_review":false},"product_cat":[22],"product_tag":[],"jetpack_sharing_enabled":true,"_links":{"self":[{"href":"https:\/\/shop.kozenga.fr\/index.php?rest_route=\/wp\/v2\/product\/2947"}],"collection":[{"href":"https:\/\/shop.kozenga.fr\/index.php?rest_route=\/wp\/v2\/product"}],"about":[{"href":"https:\/\/shop.kozenga.fr\/index.php?rest_route=\/wp\/v2\/types\/product"}],"replies":[{"embeddable":true,"href":"https:\/\/shop.kozenga.fr\/index.php?rest_route=%2Fwp%2Fv2%2Fcomments&post=2947"}],"wp:featuredmedia":[{"embeddable":true,"href":"https:\/\/shop.kozenga.fr\/index.php?rest_route=\/wp\/v2\/media\/2948"}],"wp:attachment":[{"href":"https:\/\/shop.kozenga.fr\/index.php?rest_route=%2Fwp%2Fv2%2Fmedia&parent=2947"}],"wp:term":[{"taxonomy":"product_cat","embeddable":true,"href":"https:\/\/shop.kozenga.fr\/index.php?rest_route=%2Fwp%2Fv2%2Fproduct_cat&post=2947"},{"taxonomy":"product_tag","embeddable":true,"href":"https:\/\/shop.kozenga.fr\/index.php?rest_route=%2Fwp%2Fv2%2Fproduct_tag&post=2947"}],"curies":[{"name":"wp","href":"https:\/\/api.w.org\/{rel}","templated":true}]}}