{"id":164,"date":"2019-11-17T23:06:46","date_gmt":"2019-11-17T22:06:46","guid":{"rendered":"https:\/\/shop.kozenga.fr\/?post_type=product&#038;p=164"},"modified":"2022-10-04T15:06:44","modified_gmt":"2022-10-04T13:06:44","slug":"pendentif-cardabelle","status":"publish","type":"product","link":"https:\/\/shop.kozenga.fr\/?product=pendentif-cardabelle","title":{"rendered":"Pendentif Cardabelle"},"content":{"rendered":"<p><i>Nulle fleur n&#8217;est plus belle<br \/>\nQue la fleur de M\u00e9jean<br \/>\nLa belle cardabelle<br \/>\nQui peut pr\u00e9voir le temps<\/i>.<br \/>\n(Po\u00e8me d&#8217;un certain Michel)<\/p>\n<p>Pendentif en Argent Massif 950, serti d&#8217;une pierre Oeil de tigre.<br \/>\nCommande sp\u00e9ciale destin\u00e9e \u00e0 une personne native de cette belle r\u00e9gion d&#8217;Occitanie<\/p>\n","protected":false},"excerpt":{"rendered":"<p><i>Nulle fleur n&#8217;est plus belle<br \/>\nQue la fleur de M\u00e9jean<br \/>\nLa belle cardabelle<br \/>\nQui peut pr\u00e9voir le temps<\/i>.<br \/>\n(Po\u00e8me d&#8217;un certain Michel)<\/p>\n<p>Pendentif en Argent massif 950, serti d&#8217;une pierre Oeil de tigre.<br \/>\nCommande sp\u00e9ciale destin\u00e9e \u00e0 une personne native de cette belle r\u00e9gion<\/p>\n","protected":false},"featured_media":166,"comment_status":"open","ping_status":"closed","template":"","meta":{"_themeisle_gutenberg_block_has_review":false},"product_cat":[21],"product_tag":[],"jetpack_sharing_enabled":true,"_links":{"self":[{"href":"https:\/\/shop.kozenga.fr\/index.php?rest_route=\/wp\/v2\/product\/164"}],"collection":[{"href":"https:\/\/shop.kozenga.fr\/index.php?rest_route=\/wp\/v2\/product"}],"about":[{"href":"https:\/\/shop.kozenga.fr\/index.php?rest_route=\/wp\/v2\/types\/product"}],"replies":[{"embeddable":true,"href":"https:\/\/shop.kozenga.fr\/index.php?rest_route=%2Fwp%2Fv2%2Fcomments&post=164"}],"wp:featuredmedia":[{"embeddable":true,"href":"https:\/\/shop.kozenga.fr\/index.php?rest_route=\/wp\/v2\/media\/166"}],"wp:attachment":[{"href":"https:\/\/shop.kozenga.fr\/index.php?rest_route=%2Fwp%2Fv2%2Fmedia&parent=164"}],"wp:term":[{"taxonomy":"product_cat","embeddable":true,"href":"https:\/\/shop.kozenga.fr\/index.php?rest_route=%2Fwp%2Fv2%2Fproduct_cat&post=164"},{"taxonomy":"product_tag","embeddable":true,"href":"https:\/\/shop.kozenga.fr\/index.php?rest_route=%2Fwp%2Fv2%2Fproduct_tag&post=164"}],"curies":[{"name":"wp","href":"https:\/\/api.w.org\/{rel}","templated":true}]}}