{"id":159,"date":"2019-11-17T23:00:35","date_gmt":"2019-11-17T22:00:35","guid":{"rendered":"https:\/\/shop.kozenga.fr\/?post_type=product&#038;p=159"},"modified":"2022-10-05T11:33:59","modified_gmt":"2022-10-05T09:33:59","slug":"boucles-doreilles-eleniel","status":"publish","type":"product","link":"https:\/\/shop.kozenga.fr\/?product=boucles-doreilles-eleniel","title":{"rendered":"Boucles d&#8217;Oreilles Eleniel"},"content":{"rendered":"<div id=\"short_description_content\" class=\"rte align_justify\">\n<p>Boucles d&#8217;Oreilles en argent massif 950<\/p>\n<p>Pierre entour\u00e9e de lianes (ronces), motifs v\u00e9g\u00e9taux et floraux<\/p>\n<p>Serties avec des Obsidiennes mouchet\u00e9es (10x8mm)<\/p>\n<p>Chaque bijou est une cr\u00e9ation unique et poin\u00e7onn\u00e9e. Toutes les \u00e9tapes (de la mise en forme, aux soudures jusqu\u2019au polissage) sont r\u00e9alis\u00e9es par mes soins.<\/p>\n<\/div>\n","protected":false},"excerpt":{"rendered":"<div id=\"short_description_content\" class=\"rte align_justify\">\n<p>Boucles d&#8217;Oreilles en argent massif 950<\/p>\n<p>Pierre entour\u00e9e de lianes (ronces), motifs v\u00e9g\u00e9taux et floraux<\/p>\n<p>Serties avec des Obsidiennes mouchet\u00e9es (10x8mm)<\/p>\n<p>Ce mod\u00e8le est d\u00e9j\u00e0 parti mais n\u2019h\u00e9sitez pas \u00e0 me contacter, je peux le fabriquer de nouveau et avec d&#8217;autres pierres si vous le souhaitez \ud83d\ude09<\/p>\n<p>Chaque bijou est une cr\u00e9ation unique et poin\u00e7onn\u00e9e. Toutes les \u00e9tapes (de la mise en forme, aux soudures jusqu\u2019au polissage) sont r\u00e9alis\u00e9es par mes soins.<\/p>\n<\/div>\n","protected":false},"featured_media":160,"comment_status":"open","ping_status":"closed","template":"","meta":{"_themeisle_gutenberg_block_has_review":false},"product_cat":[25],"product_tag":[],"jetpack_sharing_enabled":true,"_links":{"self":[{"href":"https:\/\/shop.kozenga.fr\/index.php?rest_route=\/wp\/v2\/product\/159"}],"collection":[{"href":"https:\/\/shop.kozenga.fr\/index.php?rest_route=\/wp\/v2\/product"}],"about":[{"href":"https:\/\/shop.kozenga.fr\/index.php?rest_route=\/wp\/v2\/types\/product"}],"replies":[{"embeddable":true,"href":"https:\/\/shop.kozenga.fr\/index.php?rest_route=%2Fwp%2Fv2%2Fcomments&post=159"}],"wp:featuredmedia":[{"embeddable":true,"href":"https:\/\/shop.kozenga.fr\/index.php?rest_route=\/wp\/v2\/media\/160"}],"wp:attachment":[{"href":"https:\/\/shop.kozenga.fr\/index.php?rest_route=%2Fwp%2Fv2%2Fmedia&parent=159"}],"wp:term":[{"taxonomy":"product_cat","embeddable":true,"href":"https:\/\/shop.kozenga.fr\/index.php?rest_route=%2Fwp%2Fv2%2Fproduct_cat&post=159"},{"taxonomy":"product_tag","embeddable":true,"href":"https:\/\/shop.kozenga.fr\/index.php?rest_route=%2Fwp%2Fv2%2Fproduct_tag&post=159"}],"curies":[{"name":"wp","href":"https:\/\/api.w.org\/{rel}","templated":true}]}}