{"id":13054,"date":"2025-11-03T14:38:40","date_gmt":"2025-11-03T13:38:40","guid":{"rendered":"https:\/\/shop.kozenga.fr\/?post_type=product&#038;p=13054"},"modified":"2025-11-03T14:43:24","modified_gmt":"2025-11-03T13:43:24","slug":"bague-floral-muguet","status":"publish","type":"product","link":"https:\/\/shop.kozenga.fr\/?product=bague-floral-muguet","title":{"rendered":"Bague floral muguet"},"content":{"rendered":"<p>Bague en argent massif 950**<\/p>\n<p>Chaque bijou est une cr\u00e9ation unique et poin\u00e7onn\u00e9e.<\/p>\n<p>Toutes les \u00e9tapes (de la mise en forme, aux soudures jusqu\u2019au polissage) sont r\u00e9alis\u00e9es par mes soins.<\/p>\n<p>En portant cette bague, vous portez non seulement un bijou, mais aussi une cr\u00e9ation fabriqu\u00e9e avec soin et passion.<\/p>\n<p>Offrez-vous ou faites plaisir \u00e0 quelqu\u2019un de sp\u00e9cial.<\/p>\n","protected":false},"excerpt":{"rendered":"<p><span class=\"x1xsqp64 xiy17q3 x1o6pynw x19co3pv xdj266r xjn30re xat24cr x1hb08if x2b8uid\" data-testid=\"emoji\"><span class=\"xexx8yu xcaqkgz x18d9i69 xbwkkl7 x3jgonx x1bhl96m\">\ud83c\udf3f<\/span><\/span>\u00a0Bague en argent 950.<span class=\"x1xsqp64 xiy17q3 x1o6pynw x19co3pv xdj266r xjn30re xat24cr x1hb08if x2b8uid\" data-testid=\"emoji\"><span class=\"xexx8yu xcaqkgz x18d9i69 xbwkkl7 x3jgonx x1bhl96m\">\ud83c\udf3f<\/span><\/span><\/p>\n<p>Petite s\u00e9rie de bagues florales, celle-ci repr\u00e9sente un brin de muguet.<\/p>\n<p><em>N\u2019hesitez pas \u00e0 demander une taille pr\u00e9cise.<\/em><\/p>\n<p>Chaque pi\u00e8ce est fa\u00e7onn\u00e9e \u00e0 la main, ce qui lui conf\u00e8re une identit\u00e9 unique.<\/p>\n<p>Je m\u2019attache \u00e0 chaque d\u00e9tail, des formes aux textures, pour garantir que chaque bijou soit v\u00e9ritablement originale.<\/p>\n<p>N\u2019hesitez pas \u00e0 demander une taille pr\u00e9cise.<\/p>\n","protected":false},"featured_media":13055,"comment_status":"open","ping_status":"closed","template":"","meta":{"_themeisle_gutenberg_block_has_review":false},"product_cat":[24],"product_tag":[],"jetpack_sharing_enabled":true,"_links":{"self":[{"href":"https:\/\/shop.kozenga.fr\/index.php?rest_route=\/wp\/v2\/product\/13054"}],"collection":[{"href":"https:\/\/shop.kozenga.fr\/index.php?rest_route=\/wp\/v2\/product"}],"about":[{"href":"https:\/\/shop.kozenga.fr\/index.php?rest_route=\/wp\/v2\/types\/product"}],"replies":[{"embeddable":true,"href":"https:\/\/shop.kozenga.fr\/index.php?rest_route=%2Fwp%2Fv2%2Fcomments&post=13054"}],"wp:featuredmedia":[{"embeddable":true,"href":"https:\/\/shop.kozenga.fr\/index.php?rest_route=\/wp\/v2\/media\/13055"}],"wp:attachment":[{"href":"https:\/\/shop.kozenga.fr\/index.php?rest_route=%2Fwp%2Fv2%2Fmedia&parent=13054"}],"wp:term":[{"taxonomy":"product_cat","embeddable":true,"href":"https:\/\/shop.kozenga.fr\/index.php?rest_route=%2Fwp%2Fv2%2Fproduct_cat&post=13054"},{"taxonomy":"product_tag","embeddable":true,"href":"https:\/\/shop.kozenga.fr\/index.php?rest_route=%2Fwp%2Fv2%2Fproduct_tag&post=13054"}],"curies":[{"name":"wp","href":"https:\/\/api.w.org\/{rel}","templated":true}]}}