{"id":13034,"date":"2025-11-03T13:53:52","date_gmt":"2025-11-03T12:53:52","guid":{"rendered":"https:\/\/shop.kozenga.fr\/?post_type=product&#038;p=13034"},"modified":"2025-11-03T13:54:14","modified_gmt":"2025-11-03T12:54:14","slug":"pendentif-kohara","status":"publish","type":"product","link":"https:\/\/shop.kozenga.fr\/?product=pendentif-kohara","title":{"rendered":"Pendentif Kohara"},"content":{"rendered":"<p><span style=\"font-family: helvetica, arial, sans-serif;\">\u00a0Pendentif en argent 950, serti d&#8217;une calc\u00e9doine \u00e0 inclusions.<\/span><\/p>\n<p><span style=\"font-family: helvetica, arial, sans-serif;\">Chaque pi\u00e8ce est fa\u00e7onn\u00e9e \u00e0 la main, ce qui lui conf\u00e8re une identit\u00e9 unique. Je m\u2019attache \u00e0 chaque d\u00e9tail, des formes aux textures, pour garantir que chaque bijou soit v\u00e9ritablement originale.<\/span><\/p>\n<p><span style=\"font-family: helvetica, arial, sans-serif;\">En portant ce pendentif, vous portez non seulement un bijou, mais aussi une cr\u00e9ation unique fabriqu\u00e9e avec soin et passion. Offrez-vous ou faites plaisir \u00e0 quelqu\u2019un de sp\u00e9cial.<\/span><\/p>\n","protected":false},"excerpt":{"rendered":"<div dir=\"auto\"><span style=\"font-family: helvetica, arial, sans-serif;\">\ud83c\udf3f\u00a0Pendentif en argent 950, serti d&#8217;une magnifique calc\u00e9doine \u00e0 inclusions.\ud83c\udf3f<\/span><\/div>\n<div dir=\"auto\"><\/div>\n<div dir=\"auto\"><span style=\"font-family: helvetica, arial, sans-serif;\">Chaque bijou est une cr\u00e9ation unique et poin\u00e7onn\u00e9e.<\/span><\/div>\n<div dir=\"auto\"><span style=\"font-family: helvetica, arial, sans-serif;\">Toutes les \u00e9tapes (de la mise en forme, aux soudures jusqu\u2019au polissage) sont r\u00e9alis\u00e9es par mes soins.<\/span><\/div>\n<div dir=\"auto\"><span style=\"font-family: helvetica, arial, sans-serif;\">N\u2019h\u00e9sitez pas \u00e0 me contacter pour vos cr\u00e9ations.<\/span><\/div>\n","protected":false},"featured_media":13037,"comment_status":"open","ping_status":"closed","template":"","meta":{"_themeisle_gutenberg_block_has_review":false},"product_cat":[22],"product_tag":[],"jetpack_sharing_enabled":true,"_links":{"self":[{"href":"https:\/\/shop.kozenga.fr\/index.php?rest_route=\/wp\/v2\/product\/13034"}],"collection":[{"href":"https:\/\/shop.kozenga.fr\/index.php?rest_route=\/wp\/v2\/product"}],"about":[{"href":"https:\/\/shop.kozenga.fr\/index.php?rest_route=\/wp\/v2\/types\/product"}],"replies":[{"embeddable":true,"href":"https:\/\/shop.kozenga.fr\/index.php?rest_route=%2Fwp%2Fv2%2Fcomments&post=13034"}],"wp:featuredmedia":[{"embeddable":true,"href":"https:\/\/shop.kozenga.fr\/index.php?rest_route=\/wp\/v2\/media\/13037"}],"wp:attachment":[{"href":"https:\/\/shop.kozenga.fr\/index.php?rest_route=%2Fwp%2Fv2%2Fmedia&parent=13034"}],"wp:term":[{"taxonomy":"product_cat","embeddable":true,"href":"https:\/\/shop.kozenga.fr\/index.php?rest_route=%2Fwp%2Fv2%2Fproduct_cat&post=13034"},{"taxonomy":"product_tag","embeddable":true,"href":"https:\/\/shop.kozenga.fr\/index.php?rest_route=%2Fwp%2Fv2%2Fproduct_tag&post=13034"}],"curies":[{"name":"wp","href":"https:\/\/api.w.org\/{rel}","templated":true}]}}