{"id":13030,"date":"2025-10-31T18:38:46","date_gmt":"2025-10-31T17:38:46","guid":{"rendered":"https:\/\/shop.kozenga.fr\/?post_type=product&#038;p=13030"},"modified":"2025-10-31T18:39:32","modified_gmt":"2025-10-31T17:39:32","slug":"boucles-doreilles-liane","status":"publish","type":"product","link":"https:\/\/shop.kozenga.fr\/?product=boucles-doreilles-liane","title":{"rendered":"Boucles d&#8217;oreilles Liane"},"content":{"rendered":"<div class=\"woocommerce-product-details__short-description\">\n<p>&nbsp;<\/p>\n<\/div>\n<p>Boucles d\u2019oreilles en argent 950**.<\/p>\n<p>En tant qu\u2019artisan d\u2019art, je prends en charge toutes les \u00e9tapes de la cr\u00e9ation, de la conception jusqu\u2019\u00e0 la finition. J\u2019utilise uniquement de l\u2019argent sterling 950 pour vous offrir des bijoux \u00e0 la fois \u00e9l\u00e9gants et durables.<\/p>\n<p>En portant ces boucles d\u2019oreilles, vous portez non seulement un bijou, mais aussi une cr\u00e9ation unique fabriqu\u00e9e avec soin et passion. Offrez-vous ou faites plaisir \u00e0 quelqu\u2019un de sp\u00e9cial avec cette \u00e9l\u00e9gance intemporelle !<\/p>\n","protected":false},"excerpt":{"rendered":"<p>Boucles d\u2019oreilles en argent 950**.<\/p>\n<p>Chaque pi\u00e8ce est fa\u00e7onn\u00e9e \u00e0 la main, ce qui lui conf\u00e8re une identit\u00e9 unique. Je m\u2019attache \u00e0 chaque d\u00e9tail, des formes aux textures, pour garantir que chaque boucle d\u2019oreille soit v\u00e9ritablement originale.<\/p>\n","protected":false},"featured_media":13031,"comment_status":"open","ping_status":"closed","template":"","meta":{"_themeisle_gutenberg_block_has_review":false},"product_cat":[25],"product_tag":[],"jetpack_sharing_enabled":true,"_links":{"self":[{"href":"https:\/\/shop.kozenga.fr\/index.php?rest_route=\/wp\/v2\/product\/13030"}],"collection":[{"href":"https:\/\/shop.kozenga.fr\/index.php?rest_route=\/wp\/v2\/product"}],"about":[{"href":"https:\/\/shop.kozenga.fr\/index.php?rest_route=\/wp\/v2\/types\/product"}],"replies":[{"embeddable":true,"href":"https:\/\/shop.kozenga.fr\/index.php?rest_route=%2Fwp%2Fv2%2Fcomments&post=13030"}],"wp:featuredmedia":[{"embeddable":true,"href":"https:\/\/shop.kozenga.fr\/index.php?rest_route=\/wp\/v2\/media\/13031"}],"wp:attachment":[{"href":"https:\/\/shop.kozenga.fr\/index.php?rest_route=%2Fwp%2Fv2%2Fmedia&parent=13030"}],"wp:term":[{"taxonomy":"product_cat","embeddable":true,"href":"https:\/\/shop.kozenga.fr\/index.php?rest_route=%2Fwp%2Fv2%2Fproduct_cat&post=13030"},{"taxonomy":"product_tag","embeddable":true,"href":"https:\/\/shop.kozenga.fr\/index.php?rest_route=%2Fwp%2Fv2%2Fproduct_tag&post=13030"}],"curies":[{"name":"wp","href":"https:\/\/api.w.org\/{rel}","templated":true}]}}