{"id":13022,"date":"2025-10-31T16:26:27","date_gmt":"2025-10-31T15:26:27","guid":{"rendered":"https:\/\/shop.kozenga.fr\/?post_type=product&#038;p=13022"},"modified":"2025-11-03T13:58:52","modified_gmt":"2025-11-03T12:58:52","slug":"pendentif-luna","status":"publish","type":"product","link":"https:\/\/shop.kozenga.fr\/?product=pendentif-luna","title":{"rendered":"Pendentif Luna"},"content":{"rendered":"<p>Pendentif en argent 950 serti d&#8217;une labradorite blanche de 10mm.<\/p>\n<p>Chaque pi\u00e8ce est fa\u00e7onn\u00e9e \u00e0 la main, ce qui lui conf\u00e8re une identit\u00e9 unique. Je m\u2019attache \u00e0 chaque d\u00e9tail, des formes aux textures, pour garantir que chaque bijou soit v\u00e9ritablement originale.<\/p>\n<p>En portant ce pendentif, vous portez non seulement un bijou, mais aussi une cr\u00e9ation unique fabriqu\u00e9e avec soin et passion. Offrez-vous ou faites plaisir \u00e0 quelqu\u2019un de sp\u00e9cial.<\/p>\n","protected":false},"excerpt":{"rendered":"<p>Pendentif en argent 950 serti d&#8217;une labradorite blanche de 10mm. <span class=\"x1xsqp64 xiy17q3 x1o6pynw x19co3pv xdj266r xjn30re xat24cr x1hb08if x2b8uid\" data-testid=\"emoji\"><span class=\"xexx8yu xcaqkgz x18d9i69 xbwkkl7 x3jgonx x1bhl96m\">\ud83c\udf14<\/span><\/span><\/p>\n<p>En tant qu\u2019artisan d\u2019art, je prends en charge toutes les \u00e9tapes de la cr\u00e9ation, de la conception jusqu\u2019\u00e0 la finition.<\/p>\n<p>J\u2019utilise uniquement de l\u2019argent sterling 950 pour vous offrir des bijoux \u00e0 la fois \u00e9l\u00e9gants et durables.<\/p>\n<p>Livr\u00e9 sans la cha\u00eene (si vous desirez une chaine en argent cliquez sur l&#8217;onglet &#8220;accessoires&#8221; )<\/p>\n","protected":false},"featured_media":13026,"comment_status":"open","ping_status":"closed","template":"","meta":{"_themeisle_gutenberg_block_has_review":false},"product_cat":[22],"product_tag":[],"jetpack_sharing_enabled":true,"_links":{"self":[{"href":"https:\/\/shop.kozenga.fr\/index.php?rest_route=\/wp\/v2\/product\/13022"}],"collection":[{"href":"https:\/\/shop.kozenga.fr\/index.php?rest_route=\/wp\/v2\/product"}],"about":[{"href":"https:\/\/shop.kozenga.fr\/index.php?rest_route=\/wp\/v2\/types\/product"}],"replies":[{"embeddable":true,"href":"https:\/\/shop.kozenga.fr\/index.php?rest_route=%2Fwp%2Fv2%2Fcomments&post=13022"}],"wp:featuredmedia":[{"embeddable":true,"href":"https:\/\/shop.kozenga.fr\/index.php?rest_route=\/wp\/v2\/media\/13026"}],"wp:attachment":[{"href":"https:\/\/shop.kozenga.fr\/index.php?rest_route=%2Fwp%2Fv2%2Fmedia&parent=13022"}],"wp:term":[{"taxonomy":"product_cat","embeddable":true,"href":"https:\/\/shop.kozenga.fr\/index.php?rest_route=%2Fwp%2Fv2%2Fproduct_cat&post=13022"},{"taxonomy":"product_tag","embeddable":true,"href":"https:\/\/shop.kozenga.fr\/index.php?rest_route=%2Fwp%2Fv2%2Fproduct_tag&post=13022"}],"curies":[{"name":"wp","href":"https:\/\/api.w.org\/{rel}","templated":true}]}}