{"id":13017,"date":"2025-10-31T15:48:04","date_gmt":"2025-10-31T14:48:04","guid":{"rendered":"https:\/\/shop.kozenga.fr\/?post_type=product&#038;p=13017"},"modified":"2025-10-31T15:48:04","modified_gmt":"2025-10-31T14:48:04","slug":"boucles-doreilles-feuilles","status":"publish","type":"product","link":"https:\/\/shop.kozenga.fr\/?product=boucles-doreilles-feuilles","title":{"rendered":"Boucles d&#8217;oreilles feuilles"},"content":{"rendered":"<p>Boucles d\u2019oreilles en argent 950**.<\/p>\n<p>En tant qu&#8217;artisan d&#8217;art, je prends en charge toutes les \u00e9tapes de la cr\u00e9ation, de la conception jusqu&#8217;\u00e0 la finition. J&#8217;utilise uniquement de l&#8217;argent sterling 950 pour vous offrir des bijoux \u00e0 la fois \u00e9l\u00e9gants et durables.<\/p>\n<p>En portant ces boucles d&#8217;oreilles, vous portez non seulement un bijou, mais aussi une cr\u00e9ation unique fabriqu\u00e9e avec soin et passion. Offrez-vous ou faites plaisir \u00e0 quelqu&#8217;un de sp\u00e9cial avec cette \u00e9l\u00e9gance intemporelle !<\/p>\n","protected":false},"excerpt":{"rendered":"<p>Boucles d\u2019oreilles en argent 950**.<\/p>\n<p>Chaque pi\u00e8ce est fa\u00e7onn\u00e9e \u00e0 la main, ce qui lui conf\u00e8re une identit\u00e9 unique. Je m&#8217;attache \u00e0 chaque d\u00e9tail, des formes aux textures, pour garantir que chaque boucle d&#8217;oreille soit v\u00e9ritablement originale.<\/p>\n","protected":false},"featured_media":13021,"comment_status":"open","ping_status":"closed","template":"","meta":{"_themeisle_gutenberg_block_has_review":false},"product_cat":[25],"product_tag":[],"jetpack_sharing_enabled":true,"_links":{"self":[{"href":"https:\/\/shop.kozenga.fr\/index.php?rest_route=\/wp\/v2\/product\/13017"}],"collection":[{"href":"https:\/\/shop.kozenga.fr\/index.php?rest_route=\/wp\/v2\/product"}],"about":[{"href":"https:\/\/shop.kozenga.fr\/index.php?rest_route=\/wp\/v2\/types\/product"}],"replies":[{"embeddable":true,"href":"https:\/\/shop.kozenga.fr\/index.php?rest_route=%2Fwp%2Fv2%2Fcomments&post=13017"}],"wp:featuredmedia":[{"embeddable":true,"href":"https:\/\/shop.kozenga.fr\/index.php?rest_route=\/wp\/v2\/media\/13021"}],"wp:attachment":[{"href":"https:\/\/shop.kozenga.fr\/index.php?rest_route=%2Fwp%2Fv2%2Fmedia&parent=13017"}],"wp:term":[{"taxonomy":"product_cat","embeddable":true,"href":"https:\/\/shop.kozenga.fr\/index.php?rest_route=%2Fwp%2Fv2%2Fproduct_cat&post=13017"},{"taxonomy":"product_tag","embeddable":true,"href":"https:\/\/shop.kozenga.fr\/index.php?rest_route=%2Fwp%2Fv2%2Fproduct_tag&post=13017"}],"curies":[{"name":"wp","href":"https:\/\/api.w.org\/{rel}","templated":true}]}}