{"id":12767,"date":"2022-10-05T11:48:26","date_gmt":"2022-10-05T09:48:26","guid":{"rendered":"https:\/\/shop.kozenga.fr\/?post_type=product&#038;p=12767"},"modified":"2022-10-05T11:54:11","modified_gmt":"2022-10-05T09:54:11","slug":"boucles-doreilles-le-soleil-a-rendez-vous-avec-la-lune","status":"publish","type":"product","link":"https:\/\/shop.kozenga.fr\/?product=boucles-doreilles-le-soleil-a-rendez-vous-avec-la-lune","title":{"rendered":"Boucles d&#8217;oreilles &#8220;Le soleil a rendez-vous avec la lune &#8220;"},"content":{"rendered":"<p>Boucles d&#8217;oreilles en argent 950, serties de Turquoises.<\/p>\n<div id=\"metaslider-id-12787\" style=\"width: 100%;\" class=\"ml-slider-3-109-0 metaslider metaslider-nivo metaslider-12787 ml-slider has-dots-nav ms-theme-default\" role=\"region\" aria-label=\"Boucles d&#039;oreilles &quot;Le Soleil a rendez vous avec la Lune&quot;\" data-height=\"300\" data-width=\"477\">\n    <div id=\"metaslider_container_12787\">\n        <div class='slider-wrapper theme-default'><div class='ribbon'><\/div><div id='metaslider_12787' class='nivoSlider'><img src=\"https:\/\/shop.kozenga.fr\/wp-content\/uploads\/2022\/10\/bolunesoleil-477x300.png\" height=\"300\" width=\"477\" title=\"bolunesoleil\" alt=\"\" class=\"slider-12787 slide-12797 msDefaultImage\" \/><img src=\"https:\/\/shop.kozenga.fr\/wp-content\/uploads\/2022\/10\/f1-1-477x300.jpg\" height=\"300\" width=\"477\" title=\"f1\" alt=\"\" class=\"slider-12787 slide-12837 msDefaultImage\" \/><img src=\"https:\/\/shop.kozenga.fr\/wp-content\/uploads\/2022\/10\/f2-1-477x300.jpg\" height=\"300\" width=\"477\" title=\"f2\" alt=\"\" class=\"slider-12787 slide-12838 msDefaultImage\" \/><img src=\"https:\/\/shop.kozenga.fr\/wp-content\/uploads\/2022\/10\/f3-1-477x300.jpg\" height=\"300\" width=\"477\" title=\"f3\" alt=\"\" class=\"slider-12787 slide-12839 msDefaultImage\" \/><img src=\"https:\/\/shop.kozenga.fr\/wp-content\/uploads\/2022\/10\/f5-1-477x300.jpg\" height=\"300\" width=\"477\" title=\"f5\" alt=\"\" class=\"slider-12787 slide-12841 msDefaultImage\" \/><img src=\"https:\/\/shop.kozenga.fr\/wp-content\/uploads\/2022\/10\/f4-1-477x300.jpg\" height=\"300\" width=\"477\" title=\"f4\" alt=\"\" class=\"slider-12787 slide-12840 msDefaultImage\" \/><img src=\"https:\/\/shop.kozenga.fr\/wp-content\/uploads\/2022\/10\/f6-477x300.jpg\" height=\"300\" width=\"477\" title=\"f6\" alt=\"\" class=\"slider-12787 slide-12842 msDefaultImage\" \/><img src=\"https:\/\/shop.kozenga.fr\/wp-content\/uploads\/2022\/10\/f7-477x300.jpg\" height=\"300\" width=\"477\" title=\"f7\" alt=\"\" class=\"slider-12787 slide-12843 msDefaultImage\" \/><img src=\"https:\/\/shop.kozenga.fr\/wp-content\/uploads\/2022\/10\/f8-477x300.jpg\" height=\"300\" width=\"477\" title=\"f8\" alt=\"\" class=\"slider-12787 slide-12844 msDefaultImage\" \/><img src=\"https:\/\/shop.kozenga.fr\/wp-content\/uploads\/2022\/10\/f9-477x300.jpg\" height=\"300\" width=\"477\" title=\"f9\" alt=\"\" class=\"slider-12787 slide-12845 msDefaultImage\" \/><\/div><\/div>\n        \n    <\/div>\n<\/div>\n","protected":false},"excerpt":{"rendered":"<div dir=\"auto\">&#8220;Le soleil a rendez-vous avec la lune &#8221; <span class=\"x3nfvp2 x1j61x8r x1fcty0u xdj266r xhhsvwb xat24cr xgzva0m xxymvpz xlup9mm x1kky2od\"><img decoding=\"async\" loading=\"lazy\" src=\"https:\/\/static.xx.fbcdn.net\/images\/emoji.php\/v9\/t5f\/1\/16\/1f31e.png\" alt=\"\ud83c\udf1e\" width=\"16\" height=\"16\" \/><\/span><span class=\"x3nfvp2 x1j61x8r x1fcty0u xdj266r xhhsvwb xat24cr xgzva0m xxymvpz xlup9mm x1kky2od\"><img decoding=\"async\" loading=\"lazy\" src=\"https:\/\/static.xx.fbcdn.net\/images\/emoji.php\/v9\/tdc\/1\/16\/1f31b.png\" alt=\"\ud83c\udf1b\" width=\"16\" height=\"16\" \/><\/span><\/div>\n<div dir=\"auto\">Boucles d&#8217;oreilles en argent 950, serties de Turquoises (diam.10mm)<\/div>\n<div dir=\"auto\">Plus mini pendentif de nombril, lui aussi en argent et serti d&#8217;une turquoise de 4mm, qui sera par la suite mis sur une barre.<\/div>\n<div dir=\"auto\"><\/div>\n<div dir=\"auto\">Voir ci dessous quelques \u00e9tapes de fabrication \ud83d\ude09<\/div>\n<div dir=\"auto\"><\/div>\n<div dir=\"auto\">Chaque bijou est une cr\u00e9ation unique et poin\u00e7onn\u00e9e. Toutes les \u00e9tapes (de la mise en forme, aux soudures jusqu\u2019au polissage) sont r\u00e9alis\u00e9es par mes soins.<\/div>\n<div dir=\"auto\">N&#8217;h\u00e9sitez pas \u00e0 me contacter pour vos cr\u00e9ations \ud83d\ude42<\/div>\n<div dir=\"auto\"><\/div>\n","protected":false},"featured_media":12775,"comment_status":"open","ping_status":"closed","template":"","meta":{"_themeisle_gutenberg_block_has_review":false},"product_cat":[21],"product_tag":[],"jetpack_sharing_enabled":true,"_links":{"self":[{"href":"https:\/\/shop.kozenga.fr\/index.php?rest_route=\/wp\/v2\/product\/12767"}],"collection":[{"href":"https:\/\/shop.kozenga.fr\/index.php?rest_route=\/wp\/v2\/product"}],"about":[{"href":"https:\/\/shop.kozenga.fr\/index.php?rest_route=\/wp\/v2\/types\/product"}],"replies":[{"embeddable":true,"href":"https:\/\/shop.kozenga.fr\/index.php?rest_route=%2Fwp%2Fv2%2Fcomments&post=12767"}],"wp:featuredmedia":[{"embeddable":true,"href":"https:\/\/shop.kozenga.fr\/index.php?rest_route=\/wp\/v2\/media\/12775"}],"wp:attachment":[{"href":"https:\/\/shop.kozenga.fr\/index.php?rest_route=%2Fwp%2Fv2%2Fmedia&parent=12767"}],"wp:term":[{"taxonomy":"product_cat","embeddable":true,"href":"https:\/\/shop.kozenga.fr\/index.php?rest_route=%2Fwp%2Fv2%2Fproduct_cat&post=12767"},{"taxonomy":"product_tag","embeddable":true,"href":"https:\/\/shop.kozenga.fr\/index.php?rest_route=%2Fwp%2Fv2%2Fproduct_tag&post=12767"}],"curies":[{"name":"wp","href":"https:\/\/api.w.org\/{rel}","templated":true}]}}