{"id":12735,"date":"2022-10-04T21:44:34","date_gmt":"2022-10-04T19:44:34","guid":{"rendered":"https:\/\/shop.kozenga.fr\/?post_type=product&#038;p=12735"},"modified":"2022-10-05T11:35:56","modified_gmt":"2022-10-05T09:35:56","slug":"cardabelle-ii","status":"publish","type":"product","link":"https:\/\/shop.kozenga.fr\/?product=cardabelle-ii","title":{"rendered":"Cardabelle II"},"content":{"rendered":"<p>Pendentif en argent 950**<\/p>\n<div id=\"metaslider-id-12748\" style=\"width: 100%;\" class=\"ml-slider-3-109-0 metaslider metaslider-nivo metaslider-12748 ml-slider has-dots-nav ms-theme-default\" role=\"region\" aria-label=\"Cardabelle II\" data-height=\"500\" data-width=\"777\">\n    <div id=\"metaslider_container_12748\">\n        <div class='slider-wrapper theme-default'><div class='ribbon'><\/div><div id='metaslider_12748' class='nivoSlider'><img src=\"https:\/\/shop.kozenga.fr\/wp-content\/uploads\/2022\/10\/1b-777x500.jpg\" height=\"500\" width=\"777\" title=\"1b\" alt=\"\" class=\"slider-12748 slide-12749 msDefaultImage\" \/><img src=\"https:\/\/shop.kozenga.fr\/wp-content\/uploads\/2022\/10\/2b-777x500.jpg\" height=\"500\" width=\"777\" title=\"2b\" alt=\"\" class=\"slider-12748 slide-12750 msDefaultImage\" \/><img src=\"https:\/\/shop.kozenga.fr\/wp-content\/uploads\/2022\/10\/3-1-777x500.jpg\" height=\"500\" width=\"777\" title=\"3\" alt=\"\" class=\"slider-12748 slide-12751 msDefaultImage\" \/><img src=\"https:\/\/shop.kozenga.fr\/wp-content\/uploads\/2022\/10\/4b-777x500.jpg\" height=\"500\" width=\"777\" title=\"4b\" alt=\"\" class=\"slider-12748 slide-12752 msDefaultImage\" \/><\/div><\/div>\n        \n    <\/div>\n<\/div>\n","protected":false},"excerpt":{"rendered":"<p>Pendentif en argent 950**, serti d&#8217;une pierre oeil de tigre de 0.8mm.<\/p>\n<p>C&#8217;est la deuxi\u00e8me Cardabelle que je cr\u00e9e.<\/p>\n<p>Voir quelques \u00e9tapes de sa fabrication en dessous.<\/p>\n<p>Chaque bijou est une cr\u00e9ation unique et poin\u00e7onn\u00e9e. Toutes les \u00e9tapes (de la mise en forme, aux soudures jusqu\u2019au polissage) sont r\u00e9alis\u00e9es par mes soins.<\/p>\n","protected":false},"featured_media":12743,"comment_status":"open","ping_status":"closed","template":"","meta":{"_themeisle_gutenberg_block_has_review":false},"product_cat":[21],"product_tag":[],"jetpack_sharing_enabled":true,"_links":{"self":[{"href":"https:\/\/shop.kozenga.fr\/index.php?rest_route=\/wp\/v2\/product\/12735"}],"collection":[{"href":"https:\/\/shop.kozenga.fr\/index.php?rest_route=\/wp\/v2\/product"}],"about":[{"href":"https:\/\/shop.kozenga.fr\/index.php?rest_route=\/wp\/v2\/types\/product"}],"replies":[{"embeddable":true,"href":"https:\/\/shop.kozenga.fr\/index.php?rest_route=%2Fwp%2Fv2%2Fcomments&post=12735"}],"wp:featuredmedia":[{"embeddable":true,"href":"https:\/\/shop.kozenga.fr\/index.php?rest_route=\/wp\/v2\/media\/12743"}],"wp:attachment":[{"href":"https:\/\/shop.kozenga.fr\/index.php?rest_route=%2Fwp%2Fv2%2Fmedia&parent=12735"}],"wp:term":[{"taxonomy":"product_cat","embeddable":true,"href":"https:\/\/shop.kozenga.fr\/index.php?rest_route=%2Fwp%2Fv2%2Fproduct_cat&post=12735"},{"taxonomy":"product_tag","embeddable":true,"href":"https:\/\/shop.kozenga.fr\/index.php?rest_route=%2Fwp%2Fv2%2Fproduct_tag&post=12735"}],"curies":[{"name":"wp","href":"https:\/\/api.w.org\/{rel}","templated":true}]}}