{"id":12728,"date":"2022-10-04T20:55:44","date_gmt":"2022-10-04T18:55:44","guid":{"rendered":"https:\/\/shop.kozenga.fr\/?post_type=product&#038;p=12728"},"modified":"2022-10-05T11:36:29","modified_gmt":"2022-10-05T09:36:29","slug":"meduse-2","status":"publish","type":"product","link":"https:\/\/shop.kozenga.fr\/?product=meduse-2","title":{"rendered":"M\u00e9duse 2"},"content":{"rendered":"<p>Pendentif en argent 950**<\/p>\n","protected":false},"excerpt":{"rendered":"<p>Un deuxi\u00e8me pendentif M\u00e9duse avec quelques variations par rapport au 1er.<\/p>\n<p>N\u2019h\u00e9sitez pas \u00e0 me contacter si des mod\u00e8les vous plaisent.<\/p>\n<p>Pendentif en argent 950**<\/p>\n<p>Chaque bijou est une cr\u00e9ation unique et poin\u00e7onn\u00e9e. Toutes les \u00e9tapes (de la mise en forme, aux soudures jusqu\u2019au polissage) sont r\u00e9alis\u00e9es par mes soins.<\/p>\n","protected":false},"featured_media":12730,"comment_status":"open","ping_status":"closed","template":"","meta":{"_themeisle_gutenberg_block_has_review":false},"product_cat":[21],"product_tag":[],"jetpack_sharing_enabled":true,"_links":{"self":[{"href":"https:\/\/shop.kozenga.fr\/index.php?rest_route=\/wp\/v2\/product\/12728"}],"collection":[{"href":"https:\/\/shop.kozenga.fr\/index.php?rest_route=\/wp\/v2\/product"}],"about":[{"href":"https:\/\/shop.kozenga.fr\/index.php?rest_route=\/wp\/v2\/types\/product"}],"replies":[{"embeddable":true,"href":"https:\/\/shop.kozenga.fr\/index.php?rest_route=%2Fwp%2Fv2%2Fcomments&post=12728"}],"wp:featuredmedia":[{"embeddable":true,"href":"https:\/\/shop.kozenga.fr\/index.php?rest_route=\/wp\/v2\/media\/12730"}],"wp:attachment":[{"href":"https:\/\/shop.kozenga.fr\/index.php?rest_route=%2Fwp%2Fv2%2Fmedia&parent=12728"}],"wp:term":[{"taxonomy":"product_cat","embeddable":true,"href":"https:\/\/shop.kozenga.fr\/index.php?rest_route=%2Fwp%2Fv2%2Fproduct_cat&post=12728"},{"taxonomy":"product_tag","embeddable":true,"href":"https:\/\/shop.kozenga.fr\/index.php?rest_route=%2Fwp%2Fv2%2Fproduct_tag&post=12728"}],"curies":[{"name":"wp","href":"https:\/\/api.w.org\/{rel}","templated":true}]}}