{"id":12702,"date":"2022-10-04T20:44:54","date_gmt":"2022-10-04T18:44:54","guid":{"rendered":"https:\/\/shop.kozenga.fr\/?post_type=product&#038;p=12702"},"modified":"2022-10-05T11:37:09","modified_gmt":"2022-10-05T09:37:09","slug":"broche-libellule","status":"publish","type":"product","link":"https:\/\/shop.kozenga.fr\/?product=broche-libellule","title":{"rendered":"Broche Libellule"},"content":{"rendered":"<p>Broche Libellule en argent 950**<\/p>\n<div id=\"metaslider-id-12721\" style=\"width: 100%;\" class=\"ml-slider-3-109-0 metaslider metaslider-nivo metaslider-12721 ml-slider has-dots-nav ms-theme-default\" role=\"region\" aria-label=\"Nouveau diaporama\" data-height=\"500\" data-width=\"777\">\n    <div id=\"metaslider_container_12721\">\n        <div class='slider-wrapper theme-default'><div class='ribbon'><\/div><div id='metaslider_12721' class='nivoSlider'><img src=\"https:\/\/shop.kozenga.fr\/wp-content\/uploads\/2022\/10\/libecolor-777x500.png\" height=\"500\" width=\"777\" title=\"libecolor\" alt=\"\" class=\"slider-12721 slide-12722 msDefaultImage\" \/><img src=\"https:\/\/shop.kozenga.fr\/wp-content\/uploads\/2022\/10\/c1-777x500.jpg\" height=\"500\" width=\"777\" title=\"c1\" alt=\"\" class=\"slider-12721 slide-12727 msDefaultImage\" \/><img src=\"https:\/\/shop.kozenga.fr\/wp-content\/uploads\/2022\/10\/c3-777x500.jpg\" height=\"500\" width=\"777\" title=\"c3\" alt=\"\" class=\"slider-12721 slide-12725 msDefaultImage\" \/><img src=\"https:\/\/shop.kozenga.fr\/wp-content\/uploads\/2022\/10\/c2-scaled-777x500.jpg\" height=\"500\" width=\"777\" title=\"c2\" alt=\"\" class=\"slider-12721 slide-12726 msDefaultImage\" \/><img src=\"https:\/\/shop.kozenga.fr\/wp-content\/uploads\/2022\/10\/c4-scaled-777x500.jpg\" height=\"500\" width=\"777\" title=\"c4\" alt=\"\" class=\"slider-12721 slide-12724 msDefaultImage\" \/><img src=\"https:\/\/shop.kozenga.fr\/wp-content\/uploads\/2022\/10\/c6-scaled-777x500.jpg\" height=\"500\" width=\"777\" title=\"c6\" alt=\"\" class=\"slider-12721 slide-12723 msDefaultImage\" \/><\/div><\/div>\n        \n    <\/div>\n<\/div>\n","protected":false},"excerpt":{"rendered":"<div dir=\"auto\">Broche &#8220;Libellule&#8221; en argent 950**, sertie de 21 pierres :<\/div>\n<div dir=\"auto\">P\u00e9ridot, Topaze , Rhodolite, Am\u00e9thyste, Apatite et Citrine (de 2 \u00e0 4 mm).<\/div>\n<div dir=\"auto\">La broche fait dans les 5cm.<\/div>\n<div dir=\"auto\">Du croquis \u00e0 la r\u00e9alisation beaucoup d&#8217;heures mais beaucoup de plaisir <span class=\"x3nfvp2 x1j61x8r x1fcty0u xdj266r xhhsvwb xat24cr xgzva0m xxymvpz xlup9mm x1kky2od\"><img decoding=\"async\" loading=\"lazy\" src=\"https:\/\/static.xx.fbcdn.net\/images\/emoji.php\/v9\/t4c\/1\/16\/1f642.png\" alt=\"\ud83d\ude42\" width=\"16\" height=\"16\" \/><\/span><\/div>\n<div dir=\"auto\">(voir les \u00e9tapes de fabrication ci dessous)<\/div>\n<div dir=\"auto\">Chaque bijou est une cr\u00e9ation unique et poin\u00e7onn\u00e9e. Toutes les \u00e9tapes (de la mise en forme, aux soudures jusqu\u2019au polissage) sont r\u00e9alis\u00e9es par mes soins.<\/div>\n<div dir=\"auto\"><span class=\"x3nfvp2 x1j61x8r x1fcty0u xdj266r xhhsvwb xat24cr xgzva0m xxymvpz xlup9mm x1kky2od\">\u00a0<\/span><\/div>\n","protected":false},"featured_media":12718,"comment_status":"open","ping_status":"closed","template":"","meta":{"_themeisle_gutenberg_block_has_review":false},"product_cat":[21],"product_tag":[],"jetpack_sharing_enabled":true,"_links":{"self":[{"href":"https:\/\/shop.kozenga.fr\/index.php?rest_route=\/wp\/v2\/product\/12702"}],"collection":[{"href":"https:\/\/shop.kozenga.fr\/index.php?rest_route=\/wp\/v2\/product"}],"about":[{"href":"https:\/\/shop.kozenga.fr\/index.php?rest_route=\/wp\/v2\/types\/product"}],"replies":[{"embeddable":true,"href":"https:\/\/shop.kozenga.fr\/index.php?rest_route=%2Fwp%2Fv2%2Fcomments&post=12702"}],"wp:featuredmedia":[{"embeddable":true,"href":"https:\/\/shop.kozenga.fr\/index.php?rest_route=\/wp\/v2\/media\/12718"}],"wp:attachment":[{"href":"https:\/\/shop.kozenga.fr\/index.php?rest_route=%2Fwp%2Fv2%2Fmedia&parent=12702"}],"wp:term":[{"taxonomy":"product_cat","embeddable":true,"href":"https:\/\/shop.kozenga.fr\/index.php?rest_route=%2Fwp%2Fv2%2Fproduct_cat&post=12702"},{"taxonomy":"product_tag","embeddable":true,"href":"https:\/\/shop.kozenga.fr\/index.php?rest_route=%2Fwp%2Fv2%2Fproduct_tag&post=12702"}],"curies":[{"name":"wp","href":"https:\/\/api.w.org\/{rel}","templated":true}]}}