{"id":2,"date":"2019-11-17T13:20:15","date_gmt":"2019-11-17T12:20:15","guid":{"rendered":"https:\/\/51.158.100.22\/?page_id=2"},"modified":"2020-05-08T20:26:54","modified_gmt":"2020-05-08T18:26:54","slug":"page-d-exemple","status":"publish","type":"page","link":"https:\/\/shop.kozenga.fr\/","title":{"rendered":""},"content":{"rendered":"\n<h1 class=\"has-text-align-center wp-block-heading\">L&#8217;Atelier Kozenga<\/h1>\n\n\n\n<h3 class=\"has-text-align-center wp-block-heading\">Cr\u00e9atrion de bijoux fabriqu\u00e9s artisanalement en France<\/h3>\n\n\n\n<hr class=\"wp-block-separator\"\/>\n\n\n\n<p class=\"has-text-align-center has-medium-font-size\">&#8221; <em>Comme un tableau, un bijou peut \u00e9mouvoir, il est immortel !<\/em> &#8220;<\/p>\n\n\n\n<div id=\"metaslider-id-540\" style=\"width: 100%;\" class=\"ml-slider-3-109-0 metaslider metaslider-nivo metaslider-540 ml-slider has-dots-nav ms-theme-default\" role=\"region\" aria-label=\"Bracelet Cornaline\" data-height=\"448\" data-width=\"777\">\n    <div id=\"metaslider_container_540\">\n        <div class='slider-wrapper theme-default'><div class='ribbon'><\/div><div id='metaslider_540' class='nivoSlider'><img src=\"https:\/\/shop.kozenga.fr\/wp-content\/uploads\/2020\/05\/phtoslidechalu-777x448.jpg\" height=\"448\" width=\"777\" data-caption=\"Je cr&eacute;&eacute;e mes bijoux du d&eacute;but &agrave; la fin.                                                                                                                                                                      Je commence avec une plaque de m&eacute;tal (argent, or etc..) puis la scie, la soude, la forme pour donner vie &agrave; vos envies.\" title=\"Soudures bracelet\" alt=\"\" class=\"slider-540 slide-541 msDefaultImage\" \/><a href=\"http:\/\/.\/?product=pendentif-eleniel\" target=\"_self\"><img src=\"https:\/\/shop.kozenga.fr\/wp-content\/uploads\/2020\/05\/slidepoli-777x448.jpg\" height=\"448\" width=\"777\" data-caption=\"Le Polissage une des derni&egrave;res &eacute;tapes avant le Sertissage\" title=\"polissage bracelet\" alt=\"\" class=\"slider-540 slide-542 msDefaultImage\" \/><\/a><a href=\"http:\/\/.\/?product=pendentif-arbre-de-vie\" target=\"_self\"><img src=\"https:\/\/shop.kozenga.fr\/wp-content\/uploads\/2020\/05\/slidefinalbct-scaled-777x448.jpg\" height=\"448\" width=\"777\" data-caption=\"Pi&egrave;ce finie,  en argent sertie d&#039;une Cornaline.                                                                                                                                                 A garder pour l&#039;&eacute;ternit&eacute;.\" title=\"Bracelet cornaline\" alt=\"\" class=\"slider-540 slide-544 msDefaultImage\" \/><\/a><\/div><\/div>\n        \n    <\/div>\n<\/div>\n\n\n\n<p class=\"has-text-align-center has-large-font-size\"><a href=\".\/?page_id=100\">Christine Delsalle<\/a>, bijouti\u00e8re-joailli\u00e8re dipl\u00f4m\u00e9e BJO<\/p>\n\n\n\n<p class=\"has-text-align-center has-medium-font-size\">Cr\u00e9atrice de bijoux en m\u00e9taux pr\u00e9cieux et <a href=\".\/?page_id=359\">pierres naturelles<\/a> 100 % fait main en France depuis 2009<\/p>\n\n\n\n<h4 class=\"has-very-dark-gray-color has-text-color has-text-align-center wp-block-heading\"><br>Donner forme, faire vivre le m\u00e9tal tout en l&#8217;associant \u00e0 des pierres naturelles est ma passion<br><\/h4>\n\n\n\n<p class=\"has-text-align-center has-medium-font-size\">Je cr\u00e9e, imagine, dessine et r\u00e9alise enti\u00e8rement tous vos bijoux \u00e0 la main<\/p>\n\n\n\n<p style=\"color:#b04445\" class=\"has-text-color has-text-align-center has-medium-font-size\"><a href=\".\/?page_id=258\">Chaque pi\u00e8ce qui na\u00eet de mon atelier est unique, artisanale, et en argent massif 950<\/a><\/p>\n\n\n\n<p><\/p>\n\n\n\n<p><\/p>\n\n\n\n<p class=\"has-text-align-center has-medium-font-size\">D\u00e9couvrez mon univers sur ce site et laissez-vous s\u00e9duire par le naturel<\/p>\n\n\n\n<div class=\"wp-block-image\"><figure class=\"aligncenter size-medium is-resized\"><img decoding=\"async\" loading=\"lazy\" src=\"https:\/\/shop.kozenga.fr\/wp-content\/uploads\/2019\/11\/feuilles2-206x300.png\" alt=\"\" class=\"wp-image-527\" width=\"103\" height=\"150\" srcset=\"https:\/\/shop.kozenga.fr\/wp-content\/uploads\/2019\/11\/feuilles2-206x300.png 206w, https:\/\/shop.kozenga.fr\/wp-content\/uploads\/2019\/11\/feuilles2.png 492w\" sizes=\"(max-width: 103px) 100vw, 103px\" \/><\/figure><\/div>\n\n\n\n<div style=\"height:20px\" aria-hidden=\"true\" class=\"wp-block-spacer\"><\/div>\n\n\n\n<p class=\"has-text-align-center has-medium-font-size\">Quelques exemples de mod\u00e8les uniques actuellement disponibles<\/p>\n\n\n\n<div style=\"height:20px\" aria-hidden=\"true\" class=\"wp-block-spacer\"><\/div>\n\n\n<div data-block-name=\"woocommerce\/handpicked-products\" data-columns=\"4\" data-edit-mode=\"false\" data-content-visibility=\"{&quot;title&quot;:false,&quot;price&quot;:false,&quot;rating&quot;:false,&quot;button&quot;:false}\" data-products=\"[54,387,376,382]\" class=\"wc-block-grid wp-block-handpicked-products wc-block-handpicked-products has-4-columns has-multiple-rows\"><ul class=\"wc-block-grid__products\"><li class=\"wc-block-grid__product\">\n\t\t\t\t<a href=\"https:\/\/shop.kozenga.fr\/?product=pendentif-taaza\" class=\"wc-block-grid__product-link\">\n\t\t\t\t\t\n\t\t\t\t\t<div class=\"wc-block-grid__product-image\"><img loading=\"lazy\" width=\"300\" height=\"300\" src=\"https:\/\/shop.kozenga.fr\/wp-content\/uploads\/2019\/11\/285-thickbox_default.jpg-300x300.png\" class=\"attachment-woocommerce_thumbnail size-woocommerce_thumbnail\" alt=\"Pendentif Taaza\" decoding=\"async\" srcset=\"https:\/\/shop.kozenga.fr\/wp-content\/uploads\/2019\/11\/285-thickbox_default.jpg-300x300.png 300w, https:\/\/shop.kozenga.fr\/wp-content\/uploads\/2019\/11\/285-thickbox_default.jpg-150x150.png 150w, https:\/\/shop.kozenga.fr\/wp-content\/uploads\/2019\/11\/285-thickbox_default.jpg-768x768.png 768w, https:\/\/shop.kozenga.fr\/wp-content\/uploads\/2019\/11\/285-thickbox_default.jpg-600x600.png 600w, https:\/\/shop.kozenga.fr\/wp-content\/uploads\/2019\/11\/285-thickbox_default.jpg-100x100.png 100w, https:\/\/shop.kozenga.fr\/wp-content\/uploads\/2019\/11\/285-thickbox_default.jpg.png 800w\" sizes=\"(max-width: 300px) 100vw, 300px\" \/><\/div>\n\t\t\t\t\t\n\t\t\t\t<\/a>\n\t\t\t\t\n\t\t\t\t\n\t\t\t\t\n\t\t\t<\/li><li class=\"wc-block-grid__product\">\n\t\t\t\t<a href=\"https:\/\/shop.kozenga.fr\/?product=pendentif-mahila\" class=\"wc-block-grid__product-link\">\n\t\t\t\t\t\n\t\t\t\t\t<div class=\"wc-block-grid__product-image\"><img loading=\"lazy\" width=\"300\" height=\"300\" src=\"https:\/\/shop.kozenga.fr\/wp-content\/uploads\/2019\/11\/267-thickbox_default.jpg-300x300.png\" class=\"attachment-woocommerce_thumbnail size-woocommerce_thumbnail\" alt=\"Pendentif Mahila\" decoding=\"async\" srcset=\"https:\/\/shop.kozenga.fr\/wp-content\/uploads\/2019\/11\/267-thickbox_default.jpg-300x300.png 300w, https:\/\/shop.kozenga.fr\/wp-content\/uploads\/2019\/11\/267-thickbox_default.jpg-150x150.png 150w, https:\/\/shop.kozenga.fr\/wp-content\/uploads\/2019\/11\/267-thickbox_default.jpg-768x768.png 768w, https:\/\/shop.kozenga.fr\/wp-content\/uploads\/2019\/11\/267-thickbox_default.jpg-600x600.png 600w, https:\/\/shop.kozenga.fr\/wp-content\/uploads\/2019\/11\/267-thickbox_default.jpg-100x100.png 100w, https:\/\/shop.kozenga.fr\/wp-content\/uploads\/2019\/11\/267-thickbox_default.jpg.png 800w\" sizes=\"(max-width: 300px) 100vw, 300px\" \/><\/div>\n\t\t\t\t\t\n\t\t\t\t<\/a>\n\t\t\t\t\n\t\t\t\t\n\t\t\t\t\n\t\t\t<\/li><li class=\"wc-block-grid__product\">\n\t\t\t\t<a href=\"https:\/\/shop.kozenga.fr\/?product=pendentif-geai\" class=\"wc-block-grid__product-link\">\n\t\t\t\t\t\n\t\t\t\t\t<div class=\"wc-block-grid__product-image\"><img loading=\"lazy\" width=\"300\" height=\"300\" src=\"https:\/\/shop.kozenga.fr\/wp-content\/uploads\/2019\/11\/274-thickbox_default-300x300.jpg\" class=\"attachment-woocommerce_thumbnail size-woocommerce_thumbnail\" alt=\"Pendentif Geai\" decoding=\"async\" srcset=\"https:\/\/shop.kozenga.fr\/wp-content\/uploads\/2019\/11\/274-thickbox_default-300x300.jpg 300w, https:\/\/shop.kozenga.fr\/wp-content\/uploads\/2019\/11\/274-thickbox_default-150x150.jpg 150w, https:\/\/shop.kozenga.fr\/wp-content\/uploads\/2019\/11\/274-thickbox_default-768x768.jpg 768w, https:\/\/shop.kozenga.fr\/wp-content\/uploads\/2019\/11\/274-thickbox_default-600x600.jpg 600w, https:\/\/shop.kozenga.fr\/wp-content\/uploads\/2019\/11\/274-thickbox_default-100x100.jpg 100w, https:\/\/shop.kozenga.fr\/wp-content\/uploads\/2019\/11\/274-thickbox_default.jpg 800w\" sizes=\"(max-width: 300px) 100vw, 300px\" \/><\/div>\n\t\t\t\t\t\n\t\t\t\t<\/a>\n\t\t\t\t\n\t\t\t\t\n\t\t\t\t\n\t\t\t<\/li><li class=\"wc-block-grid__product\">\n\t\t\t\t<a href=\"https:\/\/shop.kozenga.fr\/?product=bague-lorelei\" class=\"wc-block-grid__product-link\">\n\t\t\t\t\t\n\t\t\t\t\t<div class=\"wc-block-grid__product-image\"><img loading=\"lazy\" width=\"300\" height=\"300\" src=\"https:\/\/shop.kozenga.fr\/wp-content\/uploads\/2019\/11\/24-thickbox_default-300x300.jpg\" class=\"attachment-woocommerce_thumbnail size-woocommerce_thumbnail\" alt=\"Bague Lorelei\" decoding=\"async\" srcset=\"https:\/\/shop.kozenga.fr\/wp-content\/uploads\/2019\/11\/24-thickbox_default-300x300.jpg 300w, https:\/\/shop.kozenga.fr\/wp-content\/uploads\/2019\/11\/24-thickbox_default-100x100.jpg 100w, https:\/\/shop.kozenga.fr\/wp-content\/uploads\/2019\/11\/24-thickbox_default-600x600.jpg 600w, https:\/\/shop.kozenga.fr\/wp-content\/uploads\/2019\/11\/24-thickbox_default.jpg 800w\" sizes=\"(max-width: 300px) 100vw, 300px\" \/><\/div>\n\t\t\t\t\t\n\t\t\t\t<\/a>\n\t\t\t\t\n\t\t\t\t\n\t\t\t\t\n\t\t\t<\/li><\/ul><\/div>\n\n\n<p><\/p>\n","protected":false},"excerpt":{"rendered":"<p>L&#8217;Atelier Kozenga Cr\u00e9atrion de bijoux fabriqu\u00e9s artisanalement en France &#8221; Comme un tableau, un bijou peut \u00e9mouvoir, il est immortel&hellip;<\/p>\n","protected":false},"author":1,"featured_media":0,"parent":0,"menu_order":0,"comment_status":"closed","ping_status":"open","template":"","meta":{"_themeisle_gutenberg_block_has_review":false,"footnotes":""},"jetpack_sharing_enabled":true,"_links":{"self":[{"href":"https:\/\/shop.kozenga.fr\/index.php?rest_route=\/wp\/v2\/pages\/2"}],"collection":[{"href":"https:\/\/shop.kozenga.fr\/index.php?rest_route=\/wp\/v2\/pages"}],"about":[{"href":"https:\/\/shop.kozenga.fr\/index.php?rest_route=\/wp\/v2\/types\/page"}],"author":[{"embeddable":true,"href":"https:\/\/shop.kozenga.fr\/index.php?rest_route=\/wp\/v2\/users\/1"}],"replies":[{"embeddable":true,"href":"https:\/\/shop.kozenga.fr\/index.php?rest_route=%2Fwp%2Fv2%2Fcomments&post=2"}],"version-history":[{"count":104,"href":"https:\/\/shop.kozenga.fr\/index.php?rest_route=\/wp\/v2\/pages\/2\/revisions"}],"predecessor-version":[{"id":12860,"href":"https:\/\/shop.kozenga.fr\/index.php?rest_route=\/wp\/v2\/pages\/2\/revisions\/12860"}],"wp:attachment":[{"href":"https:\/\/shop.kozenga.fr\/index.php?rest_route=%2Fwp%2Fv2%2Fmedia&parent=2"}],"curies":[{"name":"wp","href":"https:\/\/api.w.org\/{rel}","templated":true}]}}