{"id":151,"date":"2019-11-17T22:45:57","date_gmt":"2019-11-17T21:45:57","guid":{"rendered":"https:\/\/shop.kozenga.fr\/?page_id=151"},"modified":"2019-11-18T03:05:04","modified_gmt":"2019-11-18T02:05:04","slug":"conditions-generales-de-vente","status":"publish","type":"page","link":"https:\/\/shop.kozenga.fr\/?page_id=151","title":{"rendered":"Conditions G\u00e9n\u00e9rales de Vente"},"content":{"rendered":"\n<h2 class=\"wp-block-heading\">Identification<\/h2>\n\n\n\n<p>L&#8217;Atelier Kozenga  est un site appartenant \u00e0 Me Christine Vicente (n\u00e9e Delsalle), Fondatrice de  l&#8217;Atelier Kozenga, bijouterie joaillerie en ligne. Voir les <a href=\".\/?page_id=148\">mentions l\u00e9gales<\/a>.<\/p>\n\n\n\n<h2 class=\"wp-block-heading\">Objet<\/h2>\n\n\n\n<p>Les\n pr\u00e9sentes conditions g\u00e9n\u00e9rales de vente ont pour objet, d&#8217;informer \nnotre client\u00e8le sur les conditions et modalit\u00e9s dans lesquelles nous \nproc\u00e9dons \u00e0 la vente et \u00e0 la livraison des bijoux command\u00e9s. Elles \nd\u00e9finissent d&#8217;autre part les droits et obligations des parties dans le \ncadre de la vente \u00e0 distance.<\/p>\n\n\n\n<p>Les conditions s&#8217;appliquent\n sans restriction ni r\u00e9serve et ce pour l&#8217;ensemble des ventes de \nproduits propos\u00e9s par L&#8217;Atelier Kozenga. En cons\u00e9quence, le fait pour \ntoute personne de commander un bijou propos\u00e9 \u00e0 la vente sur le site \ninternet www.atelierkozenga.com signifie sa pleine et enti\u00e8re \nacceptation des pr\u00e9sentes conditions dont l&#8217;Acheteur reconna\u00eet avoir \npris connaissance pr\u00e9alablement \u00e0 sa commande. L&#8217;Acheteur d\u00e9clare \n\u00e9galement avoir la pleine capacit\u00e9 juridique lui permettant de s&#8217;engager\n au titre des pr\u00e9sentes conditions g\u00e9n\u00e9rales de vente.<\/p>\n\n\n\n<h2 class=\"wp-block-heading\">Qualit\u00e9<\/h2>\n\n\n\n<p>L&#8217;Atelier\n Kozenga, c&#8217;est le souci constant de l&#8217;enti\u00e8re satisfaction de nos \nclients. C&#8217;est pour cette raison que la qualit\u00e9 des services et des \nbijoux offerts \u00e0 notre client\u00e8le est la priorit\u00e9 absolue de \nl&#8217;entreprise. Chaque bijou est rigoureusement contr\u00f4l\u00e9, de l&#8217;achat des \nmati\u00e8res premi\u00e8res, la fabrication jusqu&#8217;\u00e0 l&#8217;exp\u00e9dition.<\/p>\n\n\n\n<h2 class=\"wp-block-heading\">Formation du contrat et commandes de bijoux<\/h2>\n\n\n\n<h3 class=\"wp-block-heading\">Prix de vente &#8211; Taxes<\/h3>\n\n\n\n<p>Les\n prix de vente des bijoux sont affich\u00e9s TTC (Toutes Taxes Comprises). \nCette appellation inclut la TVA (Zone intra-communautaire) + toutes \nautres taxes additionnelles.<\/p>\n\n\n\n<p>Les tarifs pr\u00e9sent\u00e9s sur le site L&#8217;Atelier Kozenga sont donc conformes et r\u00e9put\u00e9s sans surprises.<\/p>\n\n\n\n<p>Les\n prix sont d\u00e9clin\u00e9s en euros. Les prix indiqu\u00e9s sont ceux en vigueur au \nmoment de l&#8217;enregistrement du bon de commande par l&#8217;Acheteur.<\/p>\n\n\n\n<p>Les \nprix de vente ne comprennent pas les frais d&#8217;exp\u00e9dition, factur\u00e9s en \nsuppl\u00e9ment du prix des bijoux achet\u00e9s suivant le montant de la commande.\n Les frais d&#8217;exp\u00e9dition sont indiqu\u00e9s avant et pendant l&#8217;enregistrement \nde la commande.<\/p>\n\n\n\n<p>L&#8217;atelier Kozenga se r\u00e9serve le droit de modifier \nses tarifs en vigueur \u00e0 tout moment et d\u00e8s qu&#8217;elle le jugera n\u00e9cessaire \nsans notification au pr\u00e9alable.<\/p>\n\n\n\n<h3 class=\"wp-block-heading\">Caract\u00e9ristiques des bijoux<\/h3>\n\n\n\n<p>Conform\u00e9ment\n \u00e0 l&#8217;article L. 111-1 du code de la consommation, l&#8217;Acheteur peut, \npr\u00e9alablement \u00e0 sa commande, prendre connaissance sur le site de \nL&#8217;Atelier Kozenga des caract\u00e9ristiques essentielles du ou des bijoux \nqu&#8217;il d\u00e9sire commander.<\/p>\n\n\n\n<h3 class=\"wp-block-heading\">Commande<\/h3>\n\n\n\n<p>La commande de \nl&#8217;Acheteur devra \u00eatre confirm\u00e9e par notre \u00e9quipe via un courrier \n\u00e9lectronique. La vente ne sera consid\u00e9r\u00e9e comme d\u00e9finitive qu&#8217;apr\u00e8s \nl&#8217;envoi \u00e0 l&#8217;Acheteur de la confirmation de la commande pa r L&#8217;Atelier \nKozenga et encaissement par celle-ci de l&#8217;int\u00e9gralit\u00e9 du prix.<\/p>\n\n\n\n<p>L&#8217;Atelier Kozenga recommande \u00e0 l&#8217;Acheteur de conserver ces informations sur un document papier ou informatique.<\/p>\n\n\n\n<h3 class=\"wp-block-heading\">Paiement<\/h3>\n\n\n\n<p>Le\n montant \u00e0 payer doit \u00eatre r\u00e9alis\u00e9 lors de la commande par l&#8217;Acheteur, \ndans son int\u00e9gralit\u00e9. D\u00e8s r\u00e9ception du r\u00e8glement, L&#8217;Atelier Kozenga \ntraite la commande et l&#8217;exp\u00e9die dans les d\u00e9lais impartis. Pour r\u00e9gler sa\n commande de bijoux, l&#8217;Acheteur dispose des modes de paiement suivants :\n <br> &#8211; Paiement par virement bancaire. (Nous contacter pour conna\u00eetre nos coordonn\u00e9es).<br> &#8211; Paiement par ch\u00e8que (livraison d\u00e8s encaissement du ch\u00e8que)<\/p>\n\n\n\n<p>Le\n paiement en Bitcoins est propos\u00e9 \u00e0 titre exp\u00e9rimental aux clients qui \nle d\u00e9sirent. Le taux de change appliqu\u00e9 est recalcul\u00e9 toutes les 5 \nminutes en r\u00e9alisant une moyenne des taux de changes de Paymium.fr \/ \nCoindesk.com et Blockchain.info et en appliquant une marge de 5%. \nL&#8217;Atelier Kozenga garde une trace du paiement en Bitcoins associ\u00e9e \u00e0 la \ncommande.<\/p>\n\n\n\n<h3 class=\"wp-block-heading\">Les livraisons et les frais de port<\/h3>\n\n\n\n<p>L&#8217;Atelier\n Kozenga livre en France et en Europe. Il est possible de modifier votre\n adresse de livraison selon les commandes. Vous pouvez ainsi choisir de \nvous faire livrer \u00e0 votre domicile, sur votre lieu de travail ou chez un\n proche (si c\u2019est un cadeau, possibilit\u00e9 de rajouter un petit mot \npersonnalis\u00e9 accompagnant le bijou).<\/p>\n\n\n\n<p>Nous \ntravaillons exclusivement avec La Poste. D\u00e8s que nous proc\u00e9dons \u00e0 un \nenvoi, vous recevez imm\u00e9diatement un email pour vous en informer. La \nmajorit\u00e9 de nos produits sont envoy\u00e9s en Colissimo Suivi ou Lettre Max \n(lettre avec suivi) selon le poids et la taille du colis.<\/p>\n\n\n\n<p>Les\n \u00e9ventuelles erreurs d\u2019informations transmises par l\u2019acheteur lors de la\n passation de commande (coordonn\u00e9es du destinataire) ne peuvent en aucun\n cas \u00eatre de la responsabilit\u00e9 de l&#8217;Atelier Kozenga en cas de non \nacheminement de la marchandise.<\/p>\n\n\n\n<p>L&#8217;acheteur doit s&#8217;assurer que la livraison qui lui est remise est conforme \u00e0 celle pr\u00e9vue sur la commande.<\/p>\n\n\n\n<p>En\n cas de manquements imputables au transporteur (ex : dommages constat\u00e9s \nsur le colis), le client est tenu d&#8217;\u00e9mettre des r\u00e9serves et de formuler \nune r\u00e9clamation aupr\u00e8s de la poste dans un d\u00e9lai de 2 jours \u00e0 r\u00e9ception \nde la commande.<\/p>\n\n\n\n<p>Tout risque li\u00e9 au retour du ou des bijoux, \nc&#8217;est-\u00e0-dire la perte, la d\u00e9gradation ou le vol sont \u00e0 la charge de \nl&#8217;Acheteur. Faute de respect de la proc\u00e9dure expos\u00e9e ci-dessus et des \nd\u00e9lais indiqu\u00e9s, l&#8217;Acheteur ne pourra formuler aucune r\u00e9clamation pour \nnon-conformit\u00e9 ou vice apparent des produits livr\u00e9s, les bijoux \u00e9tant \nalors r\u00e9put\u00e9s conformes et exempts de tout vice apparent.<\/p>\n\n\n\n<p>Vous avez la possibilit\u00e9 de suivre votre envoi sur le site de La Poste <a href=\"http:\/\/www.coliposte.fr\">http:\/\/www.coliposte.fr<\/a><\/p>\n\n\n\n<p>En\n ce qui concerne la perte d&#8217;un colis, nous ne sommes malheureusement pas\n responsable des faits de La Poste et nous ne pourrons proc\u00e9der \u00e0 une \nnouvelle exp\u00e9dition qu&#8217;apr\u00e8s l&#8217;\u00e9tablissement par La Poste de la \nd\u00e9claration de perte officielle, c&#8217;est-\u00e0-dire apr\u00e8s 21 jours. De m\u00eame, \nen cas de gr\u00e8ve impromptue des postiers, nous d\u00e9clinons toute \nresponsabilit\u00e9 quant au retard de livraison.<\/p>\n\n\n\n<h3 class=\"wp-block-heading\">Retours<\/h3>\n\n\n\n<p>Tout retour de produits doit faire l&#8217;objet d&#8217;un accord formel entre le vendeur et l&#8217;acqu\u00e9reur par t\u00e9l. au 06 58 22 29 07 ou par <a href=\"mailto:christine@kozenga.fr\">courriel<\/a> et ce, avant le retour du colis \u00e0 L&#8217;Atelier Kozenga.<\/p>\n\n\n\n<p>Les produits livr\u00e9s non conformes \u00e0 la commande<\/p>\n\n\n\n<p>En cas de produit non conforme, vous pourrez formuler vos r\u00e9clamations :<\/p>\n\n\n\n<p>&#8211; soit par t\u00e9l. au 06 58 22 29 07<br>&#8211; soit par courriel : <a href=\"mailto:christine@kozenga.fr\">christine@kozenga.fr<\/a><\/p>\n\n\n\n<p>Dans\n le cas d&#8217;un retour, nous vous recommandons d\u2019utiliser les emballages \nd\u2019origine de vos produits. Le remboursement ou l\u2019\u00e9change supposent que \nvous n\u2019ayez pas endommag\u00e9 le bijou.<\/p>\n\n\n\n<p>Vous \u00eates \nresponsable du retour du colis, donc vous devez vous garantir des \nassurances n\u00e9cessaires et de l\u2019int\u00e9grit\u00e9 du colis retourn\u00e9, pour \u00e9viter \ntout probl\u00e8me nous vous conseillions d\u2019envoyer vos produits en colissimo\n suivi.<\/p>\n\n\n\n<h3 class=\"wp-block-heading\">Remboursement<\/h3>\n\n\n\n<p>Nous vous \nassurons le remboursement int\u00e9gral de toute cr\u00e9ation retourn\u00e9e intacte \net non port\u00e9e dans un d\u00e9lai de 7 jours dans son emballage d&#8217;origine \n(d\u00e9duction faite des frais de port engendr\u00e9s lors de notre envoi). Les \nfrais de port pour le retour de colis sont \u00e0 la charge de l\u2019acheteur \n(sauf dans le cas d\u2019une erreur d\u2019envoi de L&#8217;Atelier Kozenga).<\/p>\n\n\n\n<h3 class=\"wp-block-heading\">Droit de r\u00e9tractation<\/h3>\n\n\n\n<p>Conform\u00e9ment\n \u00e0 l&#8217;article L. 121-20 du code de la consommation, l&#8217;Acheteur dispose \nd&#8217;un d\u00e9lai de sept jours. Les bijoux doivent imp\u00e9rativement \u00eatre \nretourn\u00e9s dans un parfait \u00e9tat de revente, dans leur \u00e9tat d&#8217;origine, \nd\u00fbment scell\u00e9s et accompagn\u00e9s de vos coordonn\u00e9es afin que nous puissions\n identifier votre colis de retour.<\/p>\n\n\n\n<h3 class=\"wp-block-heading\">Responsabilit\u00e9<\/h3>\n\n\n\n<p>L&#8217;Atelier\n Kozenga ne pourra \u00eatre tenue pour responsable de l&#8217;inex\u00e9cution du \ncontrat en cas de rupture de stock ou indisponibilit\u00e9 du bijou du fait \nd&#8217;un cas de force majeure, de perturbation ou gr\u00e8ve totale ou partielle \nnotamment des services postaux et moyens de transport et\/ou \ncommunications.<\/p>\n\n\n\n<p>L&#8217;Atelier Kozenga est tenue de livrer les colis \u00e0 \nl&#8217;adresse indiqu\u00e9e par le client. Si le client souhaite modifier son \nadresse durant la livraison, il devra en informer L&#8217;Atelier Kozenga au \npr\u00e9alable pour lui permettre de prendre les dispositions n\u00e9cessaires. \nDans le cas contraire, l&#8217;Atelier Kozenga ne pourra \u00eatre tenue pour \nresponsable de l&#8217;inex\u00e9cution du contrat.<\/p>\n","protected":false},"excerpt":{"rendered":"<p>Identification L&#8217;Atelier Kozenga est un site appartenant \u00e0 Me Christine Vicente (n\u00e9e Delsalle), Fondatrice de l&#8217;Atelier Kozenga, bijouterie joaillerie en&hellip;<\/p>\n","protected":false},"author":1,"featured_media":0,"parent":0,"menu_order":0,"comment_status":"closed","ping_status":"closed","template":"","meta":{"_themeisle_gutenberg_block_has_review":false,"footnotes":""},"jetpack_sharing_enabled":true,"_links":{"self":[{"href":"https:\/\/shop.kozenga.fr\/index.php?rest_route=\/wp\/v2\/pages\/151"}],"collection":[{"href":"https:\/\/shop.kozenga.fr\/index.php?rest_route=\/wp\/v2\/pages"}],"about":[{"href":"https:\/\/shop.kozenga.fr\/index.php?rest_route=\/wp\/v2\/types\/page"}],"author":[{"embeddable":true,"href":"https:\/\/shop.kozenga.fr\/index.php?rest_route=\/wp\/v2\/users\/1"}],"replies":[{"embeddable":true,"href":"https:\/\/shop.kozenga.fr\/index.php?rest_route=%2Fwp%2Fv2%2Fcomments&post=151"}],"version-history":[{"count":3,"href":"https:\/\/shop.kozenga.fr\/index.php?rest_route=\/wp\/v2\/pages\/151\/revisions"}],"predecessor-version":[{"id":230,"href":"https:\/\/shop.kozenga.fr\/index.php?rest_route=\/wp\/v2\/pages\/151\/revisions\/230"}],"wp:attachment":[{"href":"https:\/\/shop.kozenga.fr\/index.php?rest_route=%2Fwp%2Fv2%2Fmedia&parent=151"}],"curies":[{"name":"wp","href":"https:\/\/api.w.org\/{rel}","templated":true}]}}