{"id":148,"date":"2019-11-17T22:40:54","date_gmt":"2019-11-17T21:40:54","guid":{"rendered":"https:\/\/shop.kozenga.fr\/?page_id=148"},"modified":"2019-11-18T02:01:07","modified_gmt":"2019-11-18T01:01:07","slug":"mentions-legales","status":"publish","type":"page","link":"https:\/\/shop.kozenga.fr\/?page_id=148","title":{"rendered":"Mentions l\u00e9gales"},"content":{"rendered":"\n<h2 class=\"wp-block-heading\">A propos de l&#8217;entreprise<\/h2>\n\n\n\n<p>L&#8217;Atelier Kozenga FRANCE<br>T\u00e9l. : 06 58 22 29 07<br>Courriel : <a href=\"christine@kozenga.fr\">christine@kozenga.fr<\/a><br>Dirigeant : Christine Delsalle<br>Activit\u00e9 : Cr\u00e9ation Bijoux<br>Siret : 517 593 570<br>Date d&#8217;immatriculation : 07 \/ 10 \/ 2009<\/p>\n\n\n\n<h2 class=\"wp-block-heading\">A propos du site internet<\/h2>\n\n\n\n<h3 class=\"wp-block-heading\">Suivi des visites<\/h3>\n\n\n\n<p>Il\n est rappel\u00e9 que le secret des correspondances n&#8217;est pas garanti sur le \nr\u00e9seau internet et qu&#8217;il appartient \u00e0 chaque utilisateur d&#8217;internet de \nprendre toutes les mesures appropri\u00e9es de fa\u00e7on \u00e0 prot\u00e9ger ses propres \ndonn\u00e9es et\/ou logiciels de la contamination d&#8217;\u00e9ventuels virus circulant \nsur internet.<\/p>\n\n\n\n<p>Le site <a href=\"https:\/\/shop.kozenga.fr\">https:\/\/shop.kozenga.fr<\/a> est un site de pr\u00e9sentation des activit\u00e9s, de services et produits de  L&#8217;Atelier Kozenga. Les informations fournies dans ce site ne sont  donn\u00e9es qu&#8217;\u00e0 titre indicatif.<\/p>\n\n\n\n<p>&nbsp;La cr\u00e9ation de liens hypertextes vers le site <a href=\"https:\/\/shop.kozenga.fr\">https:\/\/shop.kozenga.fr<\/a> est soumis \u00e0 l&#8217;accord pr\u00e9alable du Dirigeant. Les liens hypertextes \u00e9tablis en direction d&#8217;autres sites \u00e0 partir du site <a href=\"https:\/\/shop.kozenga.fr\">https:\/\/shop.kozenga.fr<\/a> ne sauraient, en aucun cas, engager la responsabilit\u00e9 de L&#8217;Atelier Kozenga.<\/p>\n\n\n\n<h3 class=\"wp-block-heading\">Les droits d&#8217;auteurs<\/h3>\n\n\n\n<p>Aucune  exploitation commerciale m\u00eame partielle des donn\u00e9es qui y sont  pr\u00e9sent\u00e9es ne pourra \u00eatre effectu\u00e9e sans l&#8217;accord pr\u00e9alable et \u00e9crit de  L&#8217;Atelier Kozenga. <br>La reproduction ou repr\u00e9sentation, int\u00e9grale ou  partielle, des pages, des donn\u00e9es et de toute autre \u00e9l\u00e9ment constitutif  au site, par quelque proc\u00e9d\u00e9 ou support que ce soit, est interdite et  constitue, sans autorisation pr\u00e9alable et \u00e9crit de L&#8217;Atelier Kozenga,  une contrefa\u00e7on. <br>La d\u00e9nomination Kozenga, le logo Kozenga, sont  propri\u00e9t\u00e9 de L&#8217;Atelier Kozenga. Toute reproduction, utilisation et\/ou  modification qui en serait faite sans l&#8217;accord pr\u00e9alable et \u00e9crit de  L&#8217;Atelier Kozenga, est susceptible d&#8217;en constituer la contrefa\u00e7on. Elle  n&#8217;engagera par ailleurs d&#8217;aucune mani\u00e8re la responsabilit\u00e9 de L&#8217;Atelier  Kozenga.<br>Les dessins, photographies, images, textes, s\u00e9quences anim\u00e9es  sonores ou non, et autres documentations repr\u00e9sent\u00e9es sur le pr\u00e9sent  site internet sont objet de droits de propri\u00e9t\u00e9 et\/ou intellectuelle de  L&#8217;Atelier Kozenga. A ce titre, toute reproduction, repr\u00e9sentation,  adaptation, traduction, et\/ou transformation, partielle ou int\u00e9grale, ou  transfert sur un autre site sont interdits.<br>La copie \u00e0 usage priv\u00e9 de  ces diff\u00e9rents objets de droit est autoris\u00e9e moyennant mention de la  source. Les renseignements et pr\u00e9sentations contenus dans les pages de  ce site sont fournis \u00e0 titre purement indicatif et restent susceptibles  de modifications \u00e0 tout moment et sans pr\u00e9avis. Leur utilisation \u00e0 des  fins priv\u00e9es ou professionnelles ne saurait engager la responsabilit\u00e9 de  L&#8217;Atelier Kozenga de quelque mani\u00e8re que ce soit. L&#8217;Atelier Kozenga ne  peut garantir l&#8217;exactitude, la pr\u00e9cision ou l&#8217;exhaustivit\u00e9 des  informations mises \u00e0 disposition sur ce site.<\/p>\n\n\n\n<h3 class=\"wp-block-heading\">En cons\u00e9quence L&#8217;Atelier Kozenga d\u00e9cline toute responsabilit\u00e9 :<\/h3>\n\n\n\n<p>&#8211; pour toute impr\u00e9cision, inexactitude ou omission portant sur des informations disponibles sur ce site<br>\n &#8211; pour tous dommages, directs et\/ou indirects, qu&#8217;elles qu&#8217;en soient \nles causes, origines, natures ou cons\u00e9quences, provoqu\u00e9es \u00e0 raison de \nl&#8217;acc\u00e8s de quiconque au site ou de l&#8217;impossibilit\u00e9 d&#8217;y acc\u00e9der, de m\u00eame \nque l&#8217;utilisation du site et\/ou du cr\u00e9dit accord\u00e9 \u00e0 une quelconque \ninformation provenant directement ou indirectement du site<br> &#8211; pour tout usage qui pourra \u00eatre fait de ces diff\u00e9rentes informations<\/p>\n\n\n\n<p>Malgr\u00e9\n tous les soins apport\u00e9s \u00e0 la r\u00e9alisation de ce site et \u00e0 son \nactualisation r\u00e9guli\u00e8re, des erreurs peuvent s&#8217;\u00eatre gliss\u00e9es dans les \ninformations et\/ou documents pr\u00e9sent\u00e9s. Les utilisateurs du site \nproc\u00e9deront donc \u00e0 toutes v\u00e9rifications utiles, la responsabilit\u00e9 de \nl&#8217;Editeur ne pouvant \u00eatre engag\u00e9e \u00e0 raison d&#8217;\u00e9ventuelles erreurs.<\/p>\n\n\n\n<h2 class=\"wp-block-heading\">D\u00e9claration CNIL en cours<\/h2>\n","protected":false},"excerpt":{"rendered":"<p>A propos de l&#8217;entreprise L&#8217;Atelier Kozenga FRANCET\u00e9l. : 06 58 22 29 07Courriel : christine@kozenga.frDirigeant : Christine DelsalleActivit\u00e9 : Cr\u00e9ation&hellip;<\/p>\n","protected":false},"author":1,"featured_media":0,"parent":0,"menu_order":0,"comment_status":"closed","ping_status":"closed","template":"","meta":{"_themeisle_gutenberg_block_has_review":false,"footnotes":""},"jetpack_sharing_enabled":true,"_links":{"self":[{"href":"https:\/\/shop.kozenga.fr\/index.php?rest_route=\/wp\/v2\/pages\/148"}],"collection":[{"href":"https:\/\/shop.kozenga.fr\/index.php?rest_route=\/wp\/v2\/pages"}],"about":[{"href":"https:\/\/shop.kozenga.fr\/index.php?rest_route=\/wp\/v2\/types\/page"}],"author":[{"embeddable":true,"href":"https:\/\/shop.kozenga.fr\/index.php?rest_route=\/wp\/v2\/users\/1"}],"replies":[{"embeddable":true,"href":"https:\/\/shop.kozenga.fr\/index.php?rest_route=%2Fwp%2Fv2%2Fcomments&post=148"}],"version-history":[{"count":2,"href":"https:\/\/shop.kozenga.fr\/index.php?rest_route=\/wp\/v2\/pages\/148\/revisions"}],"predecessor-version":[{"id":208,"href":"https:\/\/shop.kozenga.fr\/index.php?rest_route=\/wp\/v2\/pages\/148\/revisions\/208"}],"wp:attachment":[{"href":"https:\/\/shop.kozenga.fr\/index.php?rest_route=%2Fwp%2Fv2%2Fmedia&parent=148"}],"curies":[{"name":"wp","href":"https:\/\/api.w.org\/{rel}","templated":true}]}}