{"id":100,"date":"2019-11-17T19:22:05","date_gmt":"2019-11-17T18:22:05","guid":{"rendered":"https:\/\/shop.kozenga.fr\/?page_id=100"},"modified":"2023-09-21T17:02:56","modified_gmt":"2023-09-21T15:02:56","slug":"100-2","status":"publish","type":"page","link":"https:\/\/shop.kozenga.fr\/?page_id=100","title":{"rendered":""},"content":{"rendered":"\n<h1 class=\"wp-block-heading has-text-align-center\">La Cr\u00e9atrice, Christine Delsalle<\/h1>\n\n\n\n<hr class=\"wp-block-separator has-css-opacity\"\/>\n\n\n\n<p class=\"has-medium-font-size\">Dipl\u00f4m\u00e9e de l&#8217;<a href=\"https:\/\/hauteecoledejoaillerie.com\/departement-formation-continue\/bjo-formation-une-etudiante-decouvre-le-metier\/\">Ecole BJO (Bijouterie,  Joaillerie, Orf\u00e8vrerie) de Paris<\/a>, j&#8217;ai travaill\u00e9 pour des joailliers  mais \u00e9galement en bijouterie fantaisie (confection de bijoux pour de  grandes marques Fran\u00e7aises et sous-traitance).<\/p>\n\n\n\n<figure class=\"wp-block-image size-large\"><img decoding=\"async\" loading=\"lazy\" width=\"883\" height=\"450\" src=\"https:\/\/shop.kozenga.fr\/wp-content\/uploads\/2019\/11\/accueil.jpg\" alt=\"\" class=\"wp-image-89\" srcset=\"https:\/\/shop.kozenga.fr\/wp-content\/uploads\/2019\/11\/accueil.jpg 883w, https:\/\/shop.kozenga.fr\/wp-content\/uploads\/2019\/11\/accueil-600x306.jpg 600w\" sizes=\"(max-width: 883px) 100vw, 883px\" \/><\/figure>\n\n\n\n<p class=\"has-medium-font-size\">Je suis aussi coloriste en proth\u00e8ses oculaires. Je travaille \u00e0 base de pigments naturels pour une reproduction fid\u00e8le des diff\u00e9rentes couleurs d&#8217;iris.<\/p>\n\n\n\n<figure class=\"wp-block-image size-full\"><img decoding=\"async\" loading=\"lazy\" width=\"883\" height=\"445\" src=\"https:\/\/shop.kozenga.fr\/wp-content\/uploads\/2022\/11\/tofsiteiris.png\" alt=\"\" class=\"wp-image-12894\" srcset=\"https:\/\/shop.kozenga.fr\/wp-content\/uploads\/2022\/11\/tofsiteiris.png 883w, https:\/\/shop.kozenga.fr\/wp-content\/uploads\/2022\/11\/tofsiteiris-300x151.png 300w, https:\/\/shop.kozenga.fr\/wp-content\/uploads\/2022\/11\/tofsiteiris-768x387.png 768w, https:\/\/shop.kozenga.fr\/wp-content\/uploads\/2022\/11\/tofsiteiris-600x302.png 600w, https:\/\/shop.kozenga.fr\/wp-content\/uploads\/2022\/11\/tofsiteiris-119x60.png 119w, https:\/\/shop.kozenga.fr\/wp-content\/uploads\/2022\/11\/tofsiteiris-179x90.png 179w\" sizes=\"(max-width: 883px) 100vw, 883px\" \/><\/figure>\n\n\n\n<p class=\"has-medium-font-size\">Tout au long de mon parcours j&#8217;ai pu observer , apprendre  le savoir faire des professionnels dans diff\u00e9rents domaines qui se rejoignent tous dans la minutie , l&#8217;observation , le travail de diff\u00e9rents mat\u00e9riaux. <\/p>\n\n\n\n<p class=\"has-medium-font-size\">Cr\u00e9ative,  je pratique le dessin, la peinture, la sculpture et le modelage  (\u00e9tudi\u00e9s aux ateliers des Arts D\u00e9coratifs de Paris). Toutes ces pratiques sont compl\u00e9mentaires et m&#8217;aident beaucoup pour la cr\u00e9ation de  bijoux.<\/p>\n\n\n\n<figure class=\"wp-block-gallery has-nested-images columns-4 is-cropped wp-block-gallery-1 is-layout-flex wp-block-gallery-is-layout-flex\">\n<figure class=\"wp-block-image size-large\"><img decoding=\"async\" loading=\"lazy\" width=\"452\" height=\"735\" data-id=\"107\" src=\"https:\/\/shop.kozenga.fr\/wp-content\/uploads\/2019\/11\/gouachetors.png\" alt=\"\" class=\"wp-image-107\" srcset=\"https:\/\/shop.kozenga.fr\/wp-content\/uploads\/2019\/11\/gouachetors.png 452w, https:\/\/shop.kozenga.fr\/wp-content\/uploads\/2019\/11\/gouachetors-416x676.png 416w\" sizes=\"(max-width: 452px) 100vw, 452px\" \/><\/figure>\n\n\n\n<figure class=\"wp-block-image size-large\"><img decoding=\"async\" loading=\"lazy\" width=\"452\" height=\"735\" data-id=\"108\" src=\"https:\/\/shop.kozenga.fr\/wp-content\/uploads\/2019\/11\/pdtf.png\" alt=\"\" class=\"wp-image-108\" srcset=\"https:\/\/shop.kozenga.fr\/wp-content\/uploads\/2019\/11\/pdtf.png 452w, https:\/\/shop.kozenga.fr\/wp-content\/uploads\/2019\/11\/pdtf-416x676.png 416w\" sizes=\"(max-width: 452px) 100vw, 452px\" \/><\/figure>\n\n\n\n<figure class=\"wp-block-image size-large\"><img decoding=\"async\" loading=\"lazy\" width=\"250\" height=\"450\" data-id=\"109\" src=\"https:\/\/shop.kozenga.fr\/wp-content\/uploads\/2019\/11\/pierre.png\" alt=\"\" class=\"wp-image-109\"\/><\/figure>\n\n\n\n<figure class=\"wp-block-image size-large\"><img decoding=\"async\" loading=\"lazy\" width=\"250\" height=\"450\" data-id=\"110\" src=\"https:\/\/shop.kozenga.fr\/wp-content\/uploads\/2019\/11\/pierretrans.png\" alt=\"\" class=\"wp-image-110\"\/><\/figure>\n<\/figure>\n\n\n\n<p class=\"has-medium-font-size\">Je sculpte la cire et travaille avec un  fondeur, ce qui me permet de cr\u00e9er des bijoux tr\u00e8s diff\u00e9rents et plus  complexes en volume.<\/p>\n\n\n\n<figure class=\"wp-block-gallery has-nested-images columns-default is-cropped wp-block-gallery-3 is-layout-flex wp-block-gallery-is-layout-flex\">\n<figure class=\"wp-block-image size-large\"><img decoding=\"async\" loading=\"lazy\" width=\"1024\" height=\"768\" data-id=\"105\" src=\"https:\/\/shop.kozenga.fr\/wp-content\/uploads\/2019\/11\/cire2.jpg\" alt=\"\" class=\"wp-image-105\" srcset=\"https:\/\/shop.kozenga.fr\/wp-content\/uploads\/2019\/11\/cire2.jpg 1024w, https:\/\/shop.kozenga.fr\/wp-content\/uploads\/2019\/11\/cire2-600x450.jpg 600w\" sizes=\"(max-width: 1024px) 100vw, 1024px\" \/><\/figure>\n\n\n\n<figure class=\"wp-block-image size-large\"><img decoding=\"async\" loading=\"lazy\" width=\"1024\" height=\"768\" data-id=\"106\" src=\"https:\/\/shop.kozenga.fr\/wp-content\/uploads\/2019\/11\/cire3.jpg\" alt=\"\" class=\"wp-image-106\" srcset=\"https:\/\/shop.kozenga.fr\/wp-content\/uploads\/2019\/11\/cire3.jpg 1024w, https:\/\/shop.kozenga.fr\/wp-content\/uploads\/2019\/11\/cire3-600x450.jpg 600w\" sizes=\"(max-width: 1024px) 100vw, 1024px\" \/><\/figure>\n\n\n\n<figure class=\"wp-block-image size-large\"><img decoding=\"async\" loading=\"lazy\" width=\"1024\" height=\"768\" data-id=\"104\" src=\"https:\/\/shop.kozenga.fr\/wp-content\/uploads\/2019\/11\/cire1.jpg\" alt=\"\" class=\"wp-image-104\" srcset=\"https:\/\/shop.kozenga.fr\/wp-content\/uploads\/2019\/11\/cire1.jpg 1024w, https:\/\/shop.kozenga.fr\/wp-content\/uploads\/2019\/11\/cire1-600x450.jpg 600w\" sizes=\"(max-width: 1024px) 100vw, 1024px\" \/><\/figure>\n<\/figure>\n\n\n\n<p class=\"has-medium-font-size\">J&#8217;utilise de l&#8217;argent 950 milli\u00e8me (95% d&#8217;argent), garanti sans Nickel.<\/p>\n\n\n\n<p class=\"has-medium-font-size\">Les\n pierres que j&#8217;emploie sont naturelles et non teint\u00e9es, et je travaille \nessentiellement avec des artisans lapidaires Fran\u00e7ais.<\/p>\n\n\n\n<p class=\"has-medium-font-size\">\u00c9tant artisan ind\u00e9pendant mes mod\u00e8les sont des pi\u00e8ces uniques ou fabriqu\u00e9es en tr\u00e8s petites s\u00e9ries.<\/p>\n\n\n\n<hr class=\"wp-block-separator has-css-opacity\"\/>\n\n\n\n<h3 class=\"wp-block-heading has-text-align-center\">En plus des cr\u00e9ations disponibles \u00e0 la vente sur ce site, je peux vous proposer :<\/h3>\n\n\n\n<h4 class=\"wp-block-heading has-text-align-center\"><br>Cr\u00e9ation de bijoux sur mesure<\/h4>\n\n\n\n<div class=\"wp-block-button\"><a class=\"wp-block-button__link has-background wp-element-button\" href=\".\/?page_id=258\" style=\"background-color:#b06161\">Vous souhaitez cr\u00e9er une pi\u00e8ce unique pour vous ou pour offrir ?<\/a><\/div>\n\n\n\n<h4 class=\"wp-block-heading has-text-align-center\"><br>Sous-traitance en bijouterie-joaillerie<\/h4>\n\n\n\n<p class=\"has-text-align-center has-medium-font-size\">Vous avez du travail de joaillerie \u00e0 sous-traiter ? Nous pouvons peut-\u00eatre collaborer<\/p>\n\n\n\n<h4 class=\"wp-block-heading has-text-align-center\"><br>R\u00e9paration de bijoux<\/h4>\n\n\n\n<p class=\"has-text-align-center has-medium-font-size\">Je peux essayer de redonner vie \u00e0 vos bijoux abim\u00e9s, dans la mesure du possible<\/p>\n\n\n\n<h4 class=\"wp-block-heading has-text-align-center\"><br>Coloriste en proth\u00e8ses oculaires<\/h4>\n\n\n\n<p class=\"has-text-align-center has-medium-font-size\">Je travaille avec des pigments naturels pour obtenir des couleurs tr\u00e8s fid\u00e8les<\/p>\n\n\n\n<div class=\"wp-block-button\"><a class=\"wp-block-button__link has-background wp-element-button\" href=\".\/?page_id=548\" style=\"background-color:#b06161\">Contactez-moi pour toute demande<\/a><\/div>\n\n\n\n<p><\/p>\n","protected":false},"excerpt":{"rendered":"<p>La Cr\u00e9atrice, Christine Delsalle Dipl\u00f4m\u00e9e de l&#8217;Ecole BJO (Bijouterie, Joaillerie, Orf\u00e8vrerie) de Paris, j&#8217;ai travaill\u00e9 pour des joailliers mais \u00e9galement&hellip;<\/p>\n","protected":false},"author":1,"featured_media":0,"parent":0,"menu_order":0,"comment_status":"closed","ping_status":"closed","template":"","meta":{"_themeisle_gutenberg_block_has_review":false,"footnotes":""},"jetpack_sharing_enabled":true,"_links":{"self":[{"href":"https:\/\/shop.kozenga.fr\/index.php?rest_route=\/wp\/v2\/pages\/100"}],"collection":[{"href":"https:\/\/shop.kozenga.fr\/index.php?rest_route=\/wp\/v2\/pages"}],"about":[{"href":"https:\/\/shop.kozenga.fr\/index.php?rest_route=\/wp\/v2\/types\/page"}],"author":[{"embeddable":true,"href":"https:\/\/shop.kozenga.fr\/index.php?rest_route=\/wp\/v2\/users\/1"}],"replies":[{"embeddable":true,"href":"https:\/\/shop.kozenga.fr\/index.php?rest_route=%2Fwp%2Fv2%2Fcomments&post=100"}],"version-history":[{"count":23,"href":"https:\/\/shop.kozenga.fr\/index.php?rest_route=\/wp\/v2\/pages\/100\/revisions"}],"predecessor-version":[{"id":12920,"href":"https:\/\/shop.kozenga.fr\/index.php?rest_route=\/wp\/v2\/pages\/100\/revisions\/12920"}],"wp:attachment":[{"href":"https:\/\/shop.kozenga.fr\/index.php?rest_route=%2Fwp%2Fv2%2Fmedia&parent=100"}],"curies":[{"name":"wp","href":"https:\/\/api.w.org\/{rel}","templated":true}]}}